{"id":464741,"date":"2025-06-01T01:14:20","date_gmt":"2025-05-31T23:14:20","guid":{"rendered":"https:\/\/lucacastelli.com\/prodotto\/gh-370-s\/"},"modified":"2025-06-28T03:55:43","modified_gmt":"2025-06-28T01:55:43","slug":"gh-370-s","status":"publish","type":"product","link":"https:\/\/lucacastelli.com\/fr\/produit\/gh-370-s\/","title":{"rendered":"STIHL GH 370 S"},"content":{"rendered":"<p>Broyeur \u00e0 essence puissant pour des volumes de travail \u00e9lev\u00e9s avec des branches tr\u00e8s r\u00e9sistantes. Il fonctionne ind\u00e9pendamment de la connexion \u00e9lectrique. Avec ensemble de lames sandwich.<br \/>\n886661684809  <\/p>\n<p>D\u00e9placement 196<br \/>\nCO2 CO2<\/p>\n<p>Type de moteur Type de moteur<br \/>\nPoids 45.0<br \/>\nDiam\u00e8tre maximum de la branche 45<\/p>\n","protected":false},"excerpt":{"rendered":"<p>GH 370 S<\/p>\n","protected":false},"featured_media":437774,"template":"","meta":{"_seopress_robots_primary_cat":"","_seopress_titles_title":"","_seopress_titles_desc":"","_seopress_robots_index":""},"product_brand":[3366],"product_cat":[29,529,530],"product_tag":[3265],"class_list":{"0":"post-464741","1":"product","2":"type-product","3":"status-publish","4":"has-post-thumbnail","6":"product_brand-stihl","7":"product_cat-macchinari","8":"product_cat-biotrituratori","9":"product_cat-biotrituratori-a-motore","10":"product_tag-import-stihl","11":"sws-gruppo-macchinari-fr","12":"sws-marca-stihl-vertriebs-ag-fr","13":"sws-conto-ricavi-merci-rivendita-macchinari-fr","14":"sws-gruppo-iva-iva81-fr","16":"first","17":"onbackorder","18":"purchasable","19":"product-type-simple"},"_links":{"self":[{"href":"https:\/\/lucacastelli.com\/fr\/wp-json\/wp\/v2\/product\/464741","targetHints":{"allow":["GET"]}}],"collection":[{"href":"https:\/\/lucacastelli.com\/fr\/wp-json\/wp\/v2\/product"}],"about":[{"href":"https:\/\/lucacastelli.com\/fr\/wp-json\/wp\/v2\/types\/product"}],"wp:featuredmedia":[{"embeddable":true,"href":"https:\/\/lucacastelli.com\/fr\/wp-json\/wp\/v2\/media\/437774"}],"wp:attachment":[{"href":"https:\/\/lucacastelli.com\/fr\/wp-json\/wp\/v2\/media?parent=464741"}],"wp:term":[{"taxonomy":"product_brand","embeddable":true,"href":"https:\/\/lucacastelli.com\/fr\/wp-json\/wp\/v2\/product_brand?post=464741"},{"taxonomy":"product_cat","embeddable":true,"href":"https:\/\/lucacastelli.com\/fr\/wp-json\/wp\/v2\/product_cat?post=464741"},{"taxonomy":"product_tag","embeddable":true,"href":"https:\/\/lucacastelli.com\/fr\/wp-json\/wp\/v2\/product_tag?post=464741"}],"curies":[{"name":"wp","href":"https:\/\/api.w.org\/{rel}","templated":true}]}}