{"id":464735,"date":"2025-06-01T01:19:16","date_gmt":"2025-05-31T23:19:16","guid":{"rendered":"https:\/\/lucacastelli.com\/prodotto\/gh-460\/"},"modified":"2025-06-28T03:56:13","modified_gmt":"2025-06-28T01:56:13","slug":"gh-460","status":"publish","type":"product","link":"https:\/\/lucacastelli.com\/fr\/produit\/gh-460\/","title":{"rendered":"STIHL GH 460"},"content":{"rendered":"<p>Broyeur de jardin \u00e0 essence puissant pour des volumes de travail \u00e9lev\u00e9s avec des branches durables et un mat\u00e9riau doux. Il fonctionne ind\u00e9pendamment de la connexion \u00e9lectrique. Particuli\u00e8rement id\u00e9al pour les grandes quantit\u00e9s de mat\u00e9riaux \u00e0 broyer. Avec syst\u00e8me de broyage \u00e0 deux chambres, unit\u00e9 de lame sandwich et interrupteur<br \/>\n de s\u00e9curit\u00e9 \u00ab&nbsp;un clic\/un tour&nbsp;\u00bb.886661779031   <\/p>\n<p>Cylindr\u00e9e 190<br \/>\nCO2 CO2<\/p>\n<p>Type de moteur Type de moteur<br \/>\nPoids 59.0<br \/>\nDiam\u00e8tre maximum de la branche 60<\/p>\n","protected":false},"excerpt":{"rendered":"<p>GH 460<\/p>\n","protected":false},"featured_media":437867,"template":"","meta":{"_seopress_robots_primary_cat":"","_seopress_titles_title":"","_seopress_titles_desc":"","_seopress_robots_index":""},"product_brand":[3366],"product_cat":[29,529,530],"product_tag":[3265],"class_list":{"0":"post-464735","1":"product","2":"type-product","3":"status-publish","4":"has-post-thumbnail","6":"product_brand-stihl","7":"product_cat-macchinari","8":"product_cat-biotrituratori","9":"product_cat-biotrituratori-a-motore","10":"product_tag-import-stihl","11":"sws-gruppo-macchinari-fr","12":"sws-marca-stihl-vertriebs-ag-fr","13":"sws-conto-ricavi-merci-rivendita-macchinari-fr","14":"sws-gruppo-iva-iva81-fr","16":"first","17":"onbackorder","18":"purchasable","19":"product-type-simple"},"_links":{"self":[{"href":"https:\/\/lucacastelli.com\/fr\/wp-json\/wp\/v2\/product\/464735","targetHints":{"allow":["GET"]}}],"collection":[{"href":"https:\/\/lucacastelli.com\/fr\/wp-json\/wp\/v2\/product"}],"about":[{"href":"https:\/\/lucacastelli.com\/fr\/wp-json\/wp\/v2\/types\/product"}],"wp:featuredmedia":[{"embeddable":true,"href":"https:\/\/lucacastelli.com\/fr\/wp-json\/wp\/v2\/media\/437867"}],"wp:attachment":[{"href":"https:\/\/lucacastelli.com\/fr\/wp-json\/wp\/v2\/media?parent=464735"}],"wp:term":[{"taxonomy":"product_brand","embeddable":true,"href":"https:\/\/lucacastelli.com\/fr\/wp-json\/wp\/v2\/product_brand?post=464735"},{"taxonomy":"product_cat","embeddable":true,"href":"https:\/\/lucacastelli.com\/fr\/wp-json\/wp\/v2\/product_cat?post=464735"},{"taxonomy":"product_tag","embeddable":true,"href":"https:\/\/lucacastelli.com\/fr\/wp-json\/wp\/v2\/product_tag?post=464735"}],"curies":[{"name":"wp","href":"https:\/\/api.w.org\/{rel}","templated":true}]}}