{"id":464732,"date":"2025-06-01T01:18:51","date_gmt":"2025-05-31T23:18:51","guid":{"rendered":"https:\/\/lucacastelli.com\/prodotto\/ghe-450\/"},"modified":"2025-10-24T10:24:40","modified_gmt":"2025-10-24T08:24:40","slug":"ghe-450","status":"publish","type":"product","link":"https:\/\/lucacastelli.com\/fr\/produit\/ghe-450\/","title":{"rendered":"STIHL GHE 450"},"content":{"rendered":"<p>Broyeur de jardin \u00e9lectrique avec moteur \u00e9lectrique puissant pour des travaux de broyage r\u00e9guliers avec des branches \u00e0 haute r\u00e9sistance et des mat\u00e9riaux mous. Id\u00e9al pour les grandes quantit\u00e9s de mat\u00e9riaux \u00e0 broyer. Avec connexion \u00e9lectrique, syst\u00e8me de broyage \u00e0 deux chambres, unit\u00e9 de lame sandwich et interrupteur<br \/>\n de s\u00e9curit\u00e9 \u00ab&nbsp;un clic\/un tour&nbsp;\u00bb.886661779024  <\/p>\n<p>Tension nominale 400<br \/>\nPuissance nominale Puissance nominale<\/p>\n<p>Poids Poids IP<br \/>\nDegr\u00e9 de protection IPX4<br \/>\nDiam\u00e8tre maximum de la branche 55<\/p>\n","protected":false},"excerpt":{"rendered":"<p>GHE 450<\/p>\n","protected":false},"featured_media":437862,"template":"","meta":{"_seopress_robots_primary_cat":"none","_seopress_titles_title":"","_seopress_titles_desc":"","_seopress_robots_index":""},"product_brand":[3366],"product_cat":[29,529,531],"product_tag":[3265],"class_list":{"0":"post-464732","1":"product","2":"type-product","3":"status-publish","4":"has-post-thumbnail","6":"product_brand-stihl","7":"product_cat-macchinari","8":"product_cat-biotrituratori","9":"product_cat-biotrituratori-elettrici","10":"product_tag-import-stihl","11":"sws-gruppo-macchinari-fr","12":"sws-marca-stihl-vertriebs-ag-fr","13":"sws-conto-ricavi-merci-rivendita-macchinari-fr","14":"sws-gruppo-iva-iva81-fr","16":"first","17":"onbackorder","18":"purchasable","19":"product-type-simple"},"_links":{"self":[{"href":"https:\/\/lucacastelli.com\/fr\/wp-json\/wp\/v2\/product\/464732","targetHints":{"allow":["GET"]}}],"collection":[{"href":"https:\/\/lucacastelli.com\/fr\/wp-json\/wp\/v2\/product"}],"about":[{"href":"https:\/\/lucacastelli.com\/fr\/wp-json\/wp\/v2\/types\/product"}],"wp:featuredmedia":[{"embeddable":true,"href":"https:\/\/lucacastelli.com\/fr\/wp-json\/wp\/v2\/media\/437862"}],"wp:attachment":[{"href":"https:\/\/lucacastelli.com\/fr\/wp-json\/wp\/v2\/media?parent=464732"}],"wp:term":[{"taxonomy":"product_brand","embeddable":true,"href":"https:\/\/lucacastelli.com\/fr\/wp-json\/wp\/v2\/product_brand?post=464732"},{"taxonomy":"product_cat","embeddable":true,"href":"https:\/\/lucacastelli.com\/fr\/wp-json\/wp\/v2\/product_cat?post=464732"},{"taxonomy":"product_tag","embeddable":true,"href":"https:\/\/lucacastelli.com\/fr\/wp-json\/wp\/v2\/product_tag?post=464732"}],"curies":[{"name":"wp","href":"https:\/\/api.w.org\/{rel}","templated":true}]}}