{"id":464729,"date":"2025-06-01T01:16:53","date_gmt":"2025-05-31T23:16:53","guid":{"rendered":"https:\/\/lucacastelli.com\/prodotto\/ghe-250\/"},"modified":"2026-03-06T09:45:53","modified_gmt":"2026-03-06T08:45:53","slug":"ghe-250","status":"publish","type":"product","link":"https:\/\/lucacastelli.com\/fr\/produit\/ghe-250\/","title":{"rendered":"STIHL GHE 250"},"content":{"rendered":"<p>Broyeur de jardin \u00e9lectrique avec moteur \u00e9lectrique puissant pour des travaux de broyage r\u00e9guliers avec des branches de r\u00e9sistance moyenne et des mat\u00e9riaux mous. Id\u00e9al pour les grandes quantit\u00e9s de mat\u00e9riaux \u00e0 broyer. Avec connexion \u00e9lectrique et unit\u00e9 de lame sandwich.<br \/>\n886661755318  <\/p>\n<p>Tension nominale 230<br \/>\nPuissance nominale Puissance nominale<\/p>\n<p>Poids Poids IP<br \/>\nDegr\u00e9 de protection IPX4<br \/>\nDiam\u00e8tre de la branche max 30<\/p>\n","protected":false},"excerpt":{"rendered":"<p>GHE 250<\/p>\n","protected":false},"featured_media":437827,"template":"","meta":{"_seopress_robots_primary_cat":"none","_seopress_titles_title":"","_seopress_titles_desc":"","_seopress_robots_index":""},"product_brand":[3366],"product_cat":[29,529,531],"product_tag":[3265],"class_list":{"0":"post-464729","1":"product","2":"type-product","3":"status-publish","4":"has-post-thumbnail","6":"product_brand-stihl","7":"product_cat-macchinari","8":"product_cat-biotrituratori","9":"product_cat-biotrituratori-elettrici","10":"product_tag-import-stihl","11":"sws-gruppo-macchinari-fr","12":"sws-marca-stihl-vertriebs-ag-fr","13":"sws-conto-ricavi-merci-rivendita-macchinari-fr","14":"sws-gruppo-iva-iva81-fr","16":"first","17":"onbackorder","18":"purchasable","19":"product-type-simple"},"_links":{"self":[{"href":"https:\/\/lucacastelli.com\/fr\/wp-json\/wp\/v2\/product\/464729","targetHints":{"allow":["GET"]}}],"collection":[{"href":"https:\/\/lucacastelli.com\/fr\/wp-json\/wp\/v2\/product"}],"about":[{"href":"https:\/\/lucacastelli.com\/fr\/wp-json\/wp\/v2\/types\/product"}],"wp:featuredmedia":[{"embeddable":true,"href":"https:\/\/lucacastelli.com\/fr\/wp-json\/wp\/v2\/media\/437827"}],"wp:attachment":[{"href":"https:\/\/lucacastelli.com\/fr\/wp-json\/wp\/v2\/media?parent=464729"}],"wp:term":[{"taxonomy":"product_brand","embeddable":true,"href":"https:\/\/lucacastelli.com\/fr\/wp-json\/wp\/v2\/product_brand?post=464729"},{"taxonomy":"product_cat","embeddable":true,"href":"https:\/\/lucacastelli.com\/fr\/wp-json\/wp\/v2\/product_cat?post=464729"},{"taxonomy":"product_tag","embeddable":true,"href":"https:\/\/lucacastelli.com\/fr\/wp-json\/wp\/v2\/product_tag?post=464729"}],"curies":[{"name":"wp","href":"https:\/\/api.w.org\/{rel}","templated":true}]}}