{"id":464696,"date":"2025-06-01T00:27:35","date_gmt":"2025-05-31T22:27:35","guid":{"rendered":"https:\/\/lucacastelli.com\/prodotto\/couteau-de-brousse-350mm-special\/"},"modified":"2025-06-28T20:08:07","modified_gmt":"2025-06-28T18:08:07","slug":"couteau-de-brousse-350mm-special","status":"publish","type":"product","link":"https:\/\/lucacastelli.com\/fr\/produit\/couteau-de-brousse-350mm-special\/","title":{"rendered":"STIHL Couteau de brousse, 350mm, sp\u00e9cial"},"content":{"rendered":"<p>Couteau de brousse en acier pour \u00e9claircir et enlever l\u2019herbe r\u00e9sistante, le feutre v\u00e9g\u00e9tal et les broussailles. Aussi pour tailler des haies \u00e9pineuses. A utiliser uniquement avec l\u2019abri appropri\u00e9.<br \/>\n795711124649  <\/p>\n","protected":false},"excerpt":{"rendered":"<p>Couteau de brousse, 350mm, sp\u00e9cial<\/p>\n","protected":false},"featured_media":430003,"template":"","meta":{"_seopress_robots_primary_cat":"","_seopress_titles_title":"","_seopress_titles_desc":"","_seopress_robots_index":""},"product_brand":[3366],"product_cat":[29,515,270],"product_tag":[3265],"class_list":{"0":"post-464696","1":"product","2":"type-product","3":"status-publish","4":"has-post-thumbnail","6":"product_brand-stihl","7":"product_cat-macchinari","8":"product_cat-accessori-e-materiale-di-consumo-altri-dispositivi","9":"product_cat-decespugliatori-e-tagliabordi","10":"product_tag-import-stihl","11":"sws-gruppo-macchinari-fr","12":"sws-conto-ricavi-merci-rivendita-macchinari-fr","13":"sws-gruppo-iva-iva81-fr","15":"first","16":"onbackorder","17":"purchasable","18":"product-type-simple"},"_links":{"self":[{"href":"https:\/\/lucacastelli.com\/fr\/wp-json\/wp\/v2\/product\/464696","targetHints":{"allow":["GET"]}}],"collection":[{"href":"https:\/\/lucacastelli.com\/fr\/wp-json\/wp\/v2\/product"}],"about":[{"href":"https:\/\/lucacastelli.com\/fr\/wp-json\/wp\/v2\/types\/product"}],"wp:featuredmedia":[{"embeddable":true,"href":"https:\/\/lucacastelli.com\/fr\/wp-json\/wp\/v2\/media\/430003"}],"wp:attachment":[{"href":"https:\/\/lucacastelli.com\/fr\/wp-json\/wp\/v2\/media?parent=464696"}],"wp:term":[{"taxonomy":"product_brand","embeddable":true,"href":"https:\/\/lucacastelli.com\/fr\/wp-json\/wp\/v2\/product_brand?post=464696"},{"taxonomy":"product_cat","embeddable":true,"href":"https:\/\/lucacastelli.com\/fr\/wp-json\/wp\/v2\/product_cat?post=464696"},{"taxonomy":"product_tag","embeddable":true,"href":"https:\/\/lucacastelli.com\/fr\/wp-json\/wp\/v2\/product_tag?post=464696"}],"curies":[{"name":"wp","href":"https:\/\/api.w.org\/{rel}","templated":true}]}}