{"id":464695,"date":"2025-06-01T00:27:17","date_gmt":"2025-05-31T22:27:17","guid":{"rendered":"https:\/\/lucacastelli.com\/prodotto\/couteau-a-dechiqueter-320-2\/"},"modified":"2026-03-09T00:37:10","modified_gmt":"2026-03-08T23:37:10","slug":"couteau-a-dechiqueter-320-2","status":"publish","type":"product","link":"https:\/\/lucacastelli.com\/fr\/produit\/couteau-a-dechiqueter-320-2\/","title":{"rendered":"STIHL Couteau de broyage 320-2"},"content":{"rendered":"<p>Couteau de broyage en acier pour l\u2019\u00e9claircissage et l\u2019\u00e9limination d\u2019herbe r\u00e9sistante, de feutre v\u00e9g\u00e9tal et de broussailles. Convient \u00e9galement pour la taille de haies \u00e9pineuses. \u00c0 utiliser uniquement avec le capot de protection appropri\u00e9.<br \/>\n795711130824  <\/p>\n","protected":false},"excerpt":{"rendered":"<p>Couteau de broyage 320-2<\/p>\n","protected":false},"featured_media":429994,"template":"","meta":{"_seopress_robots_primary_cat":"none","_seopress_titles_title":"","_seopress_titles_desc":"","_seopress_robots_index":""},"product_brand":[3555],"product_cat":[167,1456,1586],"product_tag":[3267],"class_list":{"0":"post-464695","1":"product","2":"type-product","3":"status-publish","4":"has-post-thumbnail","6":"product_brand-stihl-fr","7":"product_cat-machines","8":"product_cat-accessoires-et-consommables-fr","9":"product_cat-debroussailleuses-et-coupe-bordures","10":"product_tag-import-stihl-fr","11":"sws-gruppo-macchinari-fr","12":"sws-conto-ricavi-merci-rivendita-macchinari-fr","13":"sws-gruppo-iva-iva81-fr","15":"first","16":"onbackorder","17":"purchasable","18":"product-type-simple"},"_links":{"self":[{"href":"https:\/\/lucacastelli.com\/fr\/wp-json\/wp\/v2\/product\/464695","targetHints":{"allow":["GET"]}}],"collection":[{"href":"https:\/\/lucacastelli.com\/fr\/wp-json\/wp\/v2\/product"}],"about":[{"href":"https:\/\/lucacastelli.com\/fr\/wp-json\/wp\/v2\/types\/product"}],"wp:featuredmedia":[{"embeddable":true,"href":"https:\/\/lucacastelli.com\/fr\/wp-json\/wp\/v2\/media\/429994"}],"wp:attachment":[{"href":"https:\/\/lucacastelli.com\/fr\/wp-json\/wp\/v2\/media?parent=464695"}],"wp:term":[{"taxonomy":"product_brand","embeddable":true,"href":"https:\/\/lucacastelli.com\/fr\/wp-json\/wp\/v2\/product_brand?post=464695"},{"taxonomy":"product_cat","embeddable":true,"href":"https:\/\/lucacastelli.com\/fr\/wp-json\/wp\/v2\/product_cat?post=464695"},{"taxonomy":"product_tag","embeddable":true,"href":"https:\/\/lucacastelli.com\/fr\/wp-json\/wp\/v2\/product_tag?post=464695"}],"curies":[{"name":"wp","href":"https:\/\/api.w.org\/{rel}","templated":true}]}}