{"id":464690,"date":"2025-06-01T00:27:25","date_gmt":"2025-05-31T22:27:25","guid":{"rendered":"https:\/\/lucacastelli.com\/prodotto\/couteau-a-dechiqueter-270-2\/"},"modified":"2025-06-28T20:08:01","modified_gmt":"2025-06-28T18:08:01","slug":"couteau-a-dechiqueter-270-2","status":"publish","type":"product","link":"https:\/\/lucacastelli.com\/fr\/produit\/couteau-a-dechiqueter-270-2\/","title":{"rendered":"STIHL Couteau \u00e0 d\u00e9chiqueter 270-2"},"content":{"rendered":"<p>Couteau \u00e0 d\u00e9chiqueter en acier pour \u00e9claircir et enlever les broussailles et les ronces tenaces.<br \/>\n795711318291<\/p>\n","protected":false},"excerpt":{"rendered":"<p>Couteau \u00e0 d\u00e9chiqueter 270-2<\/p>\n","protected":false},"featured_media":429998,"template":"","meta":{"_seopress_robots_primary_cat":"","_seopress_titles_title":"","_seopress_titles_desc":"","_seopress_robots_index":""},"product_brand":[3555],"product_cat":[167,1456,1586],"product_tag":[3267],"class_list":{"0":"post-464690","1":"product","2":"type-product","3":"status-publish","4":"has-post-thumbnail","6":"product_brand-stihl-fr","7":"product_cat-machines","8":"product_cat-accessoires-et-consommables-fr","9":"product_cat-debroussailleuses-et-coupe-bordures","10":"product_tag-import-stihl-fr","11":"sws-gruppo-macchinari-fr","12":"sws-conto-ricavi-merci-rivendita-macchinari-fr","13":"sws-gruppo-iva-iva81-fr","15":"first","16":"onbackorder","17":"purchasable","18":"product-type-simple"},"_links":{"self":[{"href":"https:\/\/lucacastelli.com\/fr\/wp-json\/wp\/v2\/product\/464690","targetHints":{"allow":["GET"]}}],"collection":[{"href":"https:\/\/lucacastelli.com\/fr\/wp-json\/wp\/v2\/product"}],"about":[{"href":"https:\/\/lucacastelli.com\/fr\/wp-json\/wp\/v2\/types\/product"}],"wp:featuredmedia":[{"embeddable":true,"href":"https:\/\/lucacastelli.com\/fr\/wp-json\/wp\/v2\/media\/429998"}],"wp:attachment":[{"href":"https:\/\/lucacastelli.com\/fr\/wp-json\/wp\/v2\/media?parent=464690"}],"wp:term":[{"taxonomy":"product_brand","embeddable":true,"href":"https:\/\/lucacastelli.com\/fr\/wp-json\/wp\/v2\/product_brand?post=464690"},{"taxonomy":"product_cat","embeddable":true,"href":"https:\/\/lucacastelli.com\/fr\/wp-json\/wp\/v2\/product_cat?post=464690"},{"taxonomy":"product_tag","embeddable":true,"href":"https:\/\/lucacastelli.com\/fr\/wp-json\/wp\/v2\/product_tag?post=464690"}],"curies":[{"name":"wp","href":"https:\/\/api.w.org\/{rel}","templated":true}]}}