{"id":464683,"date":"2025-06-01T00:26:37","date_gmt":"2025-05-31T22:26:37","guid":{"rendered":"https:\/\/lucacastelli.com\/prodotto\/lame-de-tondeuse-a-gazon-4-dents-230mm\/"},"modified":"2026-03-09T00:37:10","modified_gmt":"2026-03-08T23:37:10","slug":"lame-de-tondeuse-a-gazon-4-dents-230mm","status":"publish","type":"product","link":"https:\/\/lucacastelli.com\/fr\/produit\/lame-de-tondeuse-a-gazon-4-dents-230mm\/","title":{"rendered":"STIHL Couteau \u00e0 herbe, 4 dents, 230 mm"},"content":{"rendered":"<p>Couteau \u00e0 herbe \u00e0 4 dents, pour d\u00e9broussailleuses STIHL. Pour la coupe d\u2019herbes r\u00e9sistantes, de roseaux ou de buissons non ligneux.<br \/>\n795711043360 <\/p>\n","protected":false},"excerpt":{"rendered":"<p>Couteau \u00e0 herbe, 4 dents, 230 mm<\/p>\n","protected":false},"featured_media":423054,"template":"","meta":{"_seopress_robots_primary_cat":"none","_seopress_titles_title":"","_seopress_titles_desc":"","_seopress_robots_index":""},"product_brand":[3366],"product_cat":[29,515,270],"product_tag":[3265],"class_list":{"0":"post-464683","1":"product","2":"type-product","3":"status-publish","4":"has-post-thumbnail","6":"product_brand-stihl","7":"product_cat-macchinari","8":"product_cat-accessori-e-materiale-di-consumo-altri-dispositivi","9":"product_cat-decespugliatori-e-tagliabordi","10":"product_tag-import-stihl","11":"sws-gruppo-macchinari-fr","12":"sws-conto-ricavi-merci-rivendita-macchinari-fr","13":"sws-gruppo-iva-iva81-fr","15":"first","16":"onbackorder","17":"purchasable","18":"product-type-simple"},"_links":{"self":[{"href":"https:\/\/lucacastelli.com\/fr\/wp-json\/wp\/v2\/product\/464683","targetHints":{"allow":["GET"]}}],"collection":[{"href":"https:\/\/lucacastelli.com\/fr\/wp-json\/wp\/v2\/product"}],"about":[{"href":"https:\/\/lucacastelli.com\/fr\/wp-json\/wp\/v2\/types\/product"}],"wp:featuredmedia":[{"embeddable":true,"href":"https:\/\/lucacastelli.com\/fr\/wp-json\/wp\/v2\/media\/423054"}],"wp:attachment":[{"href":"https:\/\/lucacastelli.com\/fr\/wp-json\/wp\/v2\/media?parent=464683"}],"wp:term":[{"taxonomy":"product_brand","embeddable":true,"href":"https:\/\/lucacastelli.com\/fr\/wp-json\/wp\/v2\/product_brand?post=464683"},{"taxonomy":"product_cat","embeddable":true,"href":"https:\/\/lucacastelli.com\/fr\/wp-json\/wp\/v2\/product_cat?post=464683"},{"taxonomy":"product_tag","embeddable":true,"href":"https:\/\/lucacastelli.com\/fr\/wp-json\/wp\/v2\/product_tag?post=464683"}],"curies":[{"name":"wp","href":"https:\/\/api.w.org\/{rel}","templated":true}]}}