{"id":464680,"date":"2025-05-31T23:02:31","date_gmt":"2025-05-31T21:02:31","guid":{"rendered":"https:\/\/lucacastelli.com\/prodotto\/fsa-200-sans-batterie-ni-chargeur\/"},"modified":"2025-05-31T23:02:31","modified_gmt":"2025-05-31T21:02:31","slug":"fsa-200-sans-batterie-ni-chargeur","status":"publish","type":"product","link":"https:\/\/lucacastelli.com\/fr\/produit\/fsa-200-sans-batterie-ni-chargeur\/","title":{"rendered":"FSA 200, sans batterie ni chargeur"},"content":{"rendered":"<p>pAvec la puissante d\u00e9broussailleuse sans fil STIHL FSA 200, les professionnels de l\u2019am\u00e9nagement paysager et des services municipaux canhref=&#8221;https:\/\/www.stihl.it\/it\/diy-stihl\/manutenzione-attrezzi-da-giardino\/consigli-decespugliatore\/come-usare-il-decespugliatore&#8221;strongnbsp&nbsp;;\/strong\/astrongmow grandes surfaces\/strongnbsp&nbsp;; de pelouse de mani\u00e8re tr\u00e8s efficace et confortable, m\u00eame dans les zones sensibles au bruit. La poign\u00e9e ergonomique \u00e0 deux mains (guidon) permet de travailler confortablement lors de la coupe des herbes hautes et des mauvaises herbes. Le dispositif de verrouillage rabattable vous permet d\u2019ajuster rapidement et facilement le guidon \u00e0 la position ergonomique qui vous convient le mieux.\/ppAvec un cercle de coupe allant jusqu\u2019\u00e0 450 mm et le puissant moteur EC, vous disposez des conditions id\u00e9ales pour un am\u00e9nagement paysager efficace avec le STIHL FSA 200, en particulier pour tondre l\u2019herbe et les broussailles. Sur la poign\u00e9e ergonomique optimis\u00e9e, vous pouvez r\u00e9gler la vitesse sur 3 niveaux pour travailler de la mani\u00e8re la plus efficace et \u00e9conomique possible. Le mode d\u2019\u00e9conomie d\u2019\u00e9nergie est indiqu\u00e9 par des LED. En fonction de l\u2019application, la vitesse peut \u00e9galement \u00eatre r\u00e9gl\u00e9e en continu. Le syst\u00e8me anti-vibration STIHL r\u00e9duit les vibrations sur la STIHL FSA 200, prot\u00e9geant ainsi vos muscles et vos articulations.\/ppUn filtre \u00e0 air sur le corps robuste de l\u2019appareil assure une longue dur\u00e9e de vie de la d\u00e9broussailleuse, car le moteur est toujours refroidi de mani\u00e8re optimale. De plus, il est facile \u00e0 nettoyer. Le corps de l\u2019appareil du FSA 200 est d\u00e9j\u00e0 pr\u00e9par\u00e9 pour une utilisation avec strongnbsp ; STIHL Smart Connector 2 A\/strong.nbsp&nbsp;;\/ppTous les outils sans fil delnbsp&nbsp;; strongsystem STIHL AP\/strongnbsp&nbsp;; Ils sont con\u00e7us pour les utilisateurs professionnels et pour un usage quotidien, m\u00eame dans des conditions m\u00e9t\u00e9orologiques d\u00e9favorables. Par cons\u00e9quent, ils ont test\u00e9 la protection contre les \u00e9claboussures. L\u2019efficacit\u00e9 est prouv\u00e9e par des tests internes rigoureux. Le test d\u2019\u00e9claboussures d\u2019eau est bas\u00e9, entre autres, sur la norme IPX4. Pour le STIHL FSA 200, la protection contre les \u00e9claboussures d\u2019eau d\u00e9j\u00e0 \u00e9prouv\u00e9e lors de tests internes a \u00e9galement \u00e9t\u00e9 certifi\u00e9e selon l\u2019indice de protection IPX4.\/p<br \/>\n886661797622<\/p>\n<p>Tension nominale 36<br \/>\nConsommation \u00e9lectrique Consommation \u00e9lectrique<\/p>\n<p>Alimentation Syst\u00e8me de<br \/>\nbatterie AP<br \/>\nBatterie recommand\u00e9e AP 500 S<\/p>\n","protected":false},"excerpt":{"rendered":"<p>FSA 200, sans batterie ni chargeur<\/p>\n","protected":false},"featured_media":424226,"template":"","meta":{"_seopress_robots_primary_cat":"","_seopress_titles_title":"","_seopress_titles_desc":"","_seopress_robots_index":""},"product_brand":[3555],"product_cat":[1586,1601,167],"product_tag":[3267],"class_list":{"0":"post-464680","1":"product","2":"type-product","3":"status-publish","4":"has-post-thumbnail","6":"product_brand-stihl-fr","7":"product_cat-debroussailleuses-et-coupe-bordures","8":"product_cat-debroussailleuses-et-coupe-herbes-a-batterie","9":"product_cat-machines","10":"product_tag-import-stihl-fr","11":"sws-gruppo-macchinari-fr","12":"sws-conto-ricavi-merci-rivendita-macchinari-fr","13":"sws-gruppo-iva-iva81-fr","15":"first","16":"onbackorder","17":"purchasable","18":"product-type-simple"},"_links":{"self":[{"href":"https:\/\/lucacastelli.com\/fr\/wp-json\/wp\/v2\/product\/464680","targetHints":{"allow":["GET"]}}],"collection":[{"href":"https:\/\/lucacastelli.com\/fr\/wp-json\/wp\/v2\/product"}],"about":[{"href":"https:\/\/lucacastelli.com\/fr\/wp-json\/wp\/v2\/types\/product"}],"wp:featuredmedia":[{"embeddable":true,"href":"https:\/\/lucacastelli.com\/fr\/wp-json\/wp\/v2\/media\/424226"}],"wp:attachment":[{"href":"https:\/\/lucacastelli.com\/fr\/wp-json\/wp\/v2\/media?parent=464680"}],"wp:term":[{"taxonomy":"product_brand","embeddable":true,"href":"https:\/\/lucacastelli.com\/fr\/wp-json\/wp\/v2\/product_brand?post=464680"},{"taxonomy":"product_cat","embeddable":true,"href":"https:\/\/lucacastelli.com\/fr\/wp-json\/wp\/v2\/product_cat?post=464680"},{"taxonomy":"product_tag","embeddable":true,"href":"https:\/\/lucacastelli.com\/fr\/wp-json\/wp\/v2\/product_tag?post=464680"}],"curies":[{"name":"wp","href":"https:\/\/api.w.org\/{rel}","templated":true}]}}