{"id":464677,"date":"2025-05-31T23:04:22","date_gmt":"2025-05-31T21:04:22","guid":{"rendered":"https:\/\/lucacastelli.com\/prodotto\/fsa-120-r-sans-batterie-ni-chargeur\/"},"modified":"2026-04-13T13:17:06","modified_gmt":"2026-04-13T11:17:06","slug":"fsa-120-r-sans-batterie-ni-chargeur","status":"publish","type":"product","link":"https:\/\/lucacastelli.com\/fr\/produit\/fsa-120-r-sans-batterie-ni-chargeur\/","title":{"rendered":"FSA 120 R, sans batterie ni chargeur"},"content":{"rendered":"<p>D\u00e9broussailleuse sans fil puissante avec d\u2019excellentes performances de coupe pour l\u2019herbe la plus tenace. Moteur EC sans balais, r\u00e9glage de la vitesse et deux niveaux de puissance (Eco et Max), \u00e9quilibre optimal, reconnaissance des outils, poign\u00e9e ergonomique \u00e0 deux mains (guidon) r\u00e9glable en hauteur sans l\u2019utilisation d\u2019outils. Avec t\u00eate de coupe AutoCut 27-2. Large gamme d\u2019outils de coupe disponibles en tant qu\u2019accessoires 886661797523.<\/p>\n<p>Tension nominale 36<br \/>\nConsommation \u00e9lectrique Consommation \u00e9lectrique<\/p>\n<p>Alimentation Syst\u00e8me de<br \/>\nbatterie AP<br \/>\nBatterie recommand\u00e9e AP 300 S<\/p>\n","protected":false},"excerpt":{"rendered":"<p>FSA 120 R, sans batterie ni chargeur<\/p>\n","protected":false},"featured_media":424343,"template":"","meta":{"_seopress_robots_primary_cat":"","_seopress_titles_title":"","_seopress_titles_desc":"","_seopress_robots_index":""},"product_brand":[3366],"product_cat":[29,270,281],"product_tag":[3265],"class_list":{"0":"post-464677","1":"product","2":"type-product","3":"status-publish","4":"has-post-thumbnail","6":"product_brand-stihl","7":"product_cat-macchinari","8":"product_cat-decespugliatori-e-tagliabordi","9":"product_cat-decespugliatori-e-tagliabordi-a-batteria","10":"product_tag-import-stihl","11":"sws-gruppo-macchinari-fr","12":"sws-conto-ricavi-merci-rivendita-macchinari-fr","13":"sws-gruppo-iva-iva81-fr","15":"first","16":"onbackorder","17":"purchasable","18":"product-type-simple"},"_links":{"self":[{"href":"https:\/\/lucacastelli.com\/fr\/wp-json\/wp\/v2\/product\/464677","targetHints":{"allow":["GET"]}}],"collection":[{"href":"https:\/\/lucacastelli.com\/fr\/wp-json\/wp\/v2\/product"}],"about":[{"href":"https:\/\/lucacastelli.com\/fr\/wp-json\/wp\/v2\/types\/product"}],"wp:featuredmedia":[{"embeddable":true,"href":"https:\/\/lucacastelli.com\/fr\/wp-json\/wp\/v2\/media\/424343"}],"wp:attachment":[{"href":"https:\/\/lucacastelli.com\/fr\/wp-json\/wp\/v2\/media?parent=464677"}],"wp:term":[{"taxonomy":"product_brand","embeddable":true,"href":"https:\/\/lucacastelli.com\/fr\/wp-json\/wp\/v2\/product_brand?post=464677"},{"taxonomy":"product_cat","embeddable":true,"href":"https:\/\/lucacastelli.com\/fr\/wp-json\/wp\/v2\/product_cat?post=464677"},{"taxonomy":"product_tag","embeddable":true,"href":"https:\/\/lucacastelli.com\/fr\/wp-json\/wp\/v2\/product_tag?post=464677"}],"curies":[{"name":"wp","href":"https:\/\/api.w.org\/{rel}","templated":true}]}}