{"id":464672,"date":"2025-05-31T22:59:35","date_gmt":"2025-05-31T20:59:35","guid":{"rendered":"https:\/\/lucacastelli.com\/prodotto\/fsa-80-r-avec-ak-30-s-et-al-101\/"},"modified":"2026-04-15T11:39:14","modified_gmt":"2026-04-15T09:39:14","slug":"fsa-80-r-avec-ak-30-s-et-al-101","status":"publish","type":"product","link":"https:\/\/lucacastelli.com\/fr\/produit\/fsa-80-r-avec-ak-30-s-et-al-101\/","title":{"rendered":"STIHL FSA 80 R, avec AK 30 S et AL 101"},"content":{"rendered":"<p>pLa d\u00e9broussailleuse \u00e0 batterie la plus puissante du syst\u00e8me AK de STIHL avec d\u2019excellentes performances de coupe pour tondre la pelouse et entretenir les bordures dans le jardin priv\u00e9. Moteur EC sans balais, r\u00e9glage de la vitesse et deux niveaux de puissance (Eco et Max), poign\u00e9e circulaire, r\u00e9glage de la poign\u00e9e sans outil, reconnaissance de l\u2019outil, bandouli\u00e8re pour un confort d\u2019utilisation gr\u00e2ce \u00e0 un bon \u00e9quilibre. Avec t\u00eate faucheuse AutoCut 27-2. Large gamme d\u2019outils de coupe disponibles en accessoires.\/p<br \/>\n886661711376<\/p>\n<p>Tension nominale 36<br \/>\nPuissance absorb\u00e9e Puissance absorb\u00e9e<\/p>\n<p>Puissance Puissance<br \/>\nSyst\u00e8me \u00e0 batterie AK<br \/>\nBatterie conseill\u00e9e AK 30<\/p>\n","protected":false},"excerpt":{"rendered":"<p>FSA 80 R, avec AK 30 S et AL 101<\/p>\n","protected":false},"featured_media":423914,"template":"","meta":{"_seopress_robots_primary_cat":"none","_seopress_titles_title":"","_seopress_titles_desc":"","_seopress_robots_index":""},"product_brand":[3366],"product_cat":[29,270,281],"product_tag":[3265],"class_list":{"0":"post-464672","1":"product","2":"type-product","3":"status-publish","4":"has-post-thumbnail","6":"product_brand-stihl","7":"product_cat-macchinari","8":"product_cat-decespugliatori-e-tagliabordi","9":"product_cat-decespugliatori-e-tagliabordi-a-batteria","10":"product_tag-import-stihl","11":"sws-gruppo-macchinari-fr","12":"sws-conto-ricavi-merci-rivendita-macchinari-fr","13":"sws-gruppo-iva-iva81-fr","15":"first","16":"onbackorder","17":"purchasable","18":"product-type-simple"},"_links":{"self":[{"href":"https:\/\/lucacastelli.com\/fr\/wp-json\/wp\/v2\/product\/464672","targetHints":{"allow":["GET"]}}],"collection":[{"href":"https:\/\/lucacastelli.com\/fr\/wp-json\/wp\/v2\/product"}],"about":[{"href":"https:\/\/lucacastelli.com\/fr\/wp-json\/wp\/v2\/types\/product"}],"wp:featuredmedia":[{"embeddable":true,"href":"https:\/\/lucacastelli.com\/fr\/wp-json\/wp\/v2\/media\/423914"}],"wp:attachment":[{"href":"https:\/\/lucacastelli.com\/fr\/wp-json\/wp\/v2\/media?parent=464672"}],"wp:term":[{"taxonomy":"product_brand","embeddable":true,"href":"https:\/\/lucacastelli.com\/fr\/wp-json\/wp\/v2\/product_brand?post=464672"},{"taxonomy":"product_cat","embeddable":true,"href":"https:\/\/lucacastelli.com\/fr\/wp-json\/wp\/v2\/product_cat?post=464672"},{"taxonomy":"product_tag","embeddable":true,"href":"https:\/\/lucacastelli.com\/fr\/wp-json\/wp\/v2\/product_tag?post=464672"}],"curies":[{"name":"wp","href":"https:\/\/api.w.org\/{rel}","templated":true}]}}