{"id":464669,"date":"2025-05-31T22:59:35","date_gmt":"2025-05-31T20:59:35","guid":{"rendered":"https:\/\/lucacastelli.com\/prodotto\/fsa-80-r-sans-batterie-et-sans-chargeur\/"},"modified":"2025-05-31T22:59:35","modified_gmt":"2025-05-31T20:59:35","slug":"fsa-80-r-sans-batterie-et-sans-chargeur","status":"publish","type":"product","link":"https:\/\/lucacastelli.com\/fr\/produit\/fsa-80-r-sans-batterie-et-sans-chargeur\/","title":{"rendered":"FSA 80 R, sans batterie et sans chargeur"},"content":{"rendered":"<p>pLa d\u00e9broussailleuse sans fil la plus puissante du syst\u00e8me AK STIHL performances de coupe pour tondre les pelouses et tailler les bordures dans le jardin potager. Moteur EC sans balais, r\u00e9glage de la vitesse et deux niveaux de puissance (Eco et Max), poign\u00e9e \u00e0 deux mains (guidon), r\u00e9glage de la poign\u00e9e sans outil, reconnaissance des outils, bandouli\u00e8re pour un confort d\u2019utilisation gr\u00e2ce \u00e0 un bon \u00e9quilibre. Avec t\u00eate de coupe AutoCut 27-2. Large gamme d\u2019outils de coupe disponibles en tant qu\u2019accessoires.\/p<br \/>\n886661711277<\/p>\n<p>Tension nominale 36<br \/>\nConsommation \u00e9lectrique Consommation \u00e9lectrique<\/p>\n<p>Puissance Syst\u00e8me<br \/>\nde batterie AK<br \/>\nBatterie recommand\u00e9e AK AK 30<\/p>\n","protected":false},"excerpt":{"rendered":"<p>FSA 80 R, sans batterie et sans chargeur<\/p>\n","protected":false},"featured_media":423900,"template":"","meta":{"_seopress_robots_primary_cat":"none","_seopress_titles_title":"","_seopress_titles_desc":"","_seopress_robots_index":""},"product_brand":[3366],"product_cat":[29,270,281],"product_tag":[3265],"class_list":{"0":"post-464669","1":"product","2":"type-product","3":"status-publish","4":"has-post-thumbnail","6":"product_brand-stihl","7":"product_cat-macchinari","8":"product_cat-decespugliatori-e-tagliabordi","9":"product_cat-decespugliatori-e-tagliabordi-a-batteria","10":"product_tag-import-stihl","11":"sws-gruppo-macchinari-fr","12":"sws-conto-ricavi-merci-rivendita-macchinari-fr","13":"sws-gruppo-iva-iva81-fr","15":"first","16":"onbackorder","17":"purchasable","18":"product-type-simple"},"_links":{"self":[{"href":"https:\/\/lucacastelli.com\/fr\/wp-json\/wp\/v2\/product\/464669","targetHints":{"allow":["GET"]}}],"collection":[{"href":"https:\/\/lucacastelli.com\/fr\/wp-json\/wp\/v2\/product"}],"about":[{"href":"https:\/\/lucacastelli.com\/fr\/wp-json\/wp\/v2\/types\/product"}],"wp:featuredmedia":[{"embeddable":true,"href":"https:\/\/lucacastelli.com\/fr\/wp-json\/wp\/v2\/media\/423900"}],"wp:attachment":[{"href":"https:\/\/lucacastelli.com\/fr\/wp-json\/wp\/v2\/media?parent=464669"}],"wp:term":[{"taxonomy":"product_brand","embeddable":true,"href":"https:\/\/lucacastelli.com\/fr\/wp-json\/wp\/v2\/product_brand?post=464669"},{"taxonomy":"product_cat","embeddable":true,"href":"https:\/\/lucacastelli.com\/fr\/wp-json\/wp\/v2\/product_cat?post=464669"},{"taxonomy":"product_tag","embeddable":true,"href":"https:\/\/lucacastelli.com\/fr\/wp-json\/wp\/v2\/product_tag?post=464669"}],"curies":[{"name":"wp","href":"https:\/\/api.w.org\/{rel}","templated":true}]}}