{"id":464664,"date":"2025-05-31T22:59:22","date_gmt":"2025-05-31T20:59:22","guid":{"rendered":"https:\/\/lucacastelli.com\/prodotto\/rga-140-sans-batterie-et-sans-chargeur\/"},"modified":"2025-05-31T22:59:22","modified_gmt":"2025-05-31T20:59:22","slug":"rga-140-sans-batterie-et-sans-chargeur","status":"publish","type":"product","link":"https:\/\/lucacastelli.com\/fr\/produit\/rga-140-sans-batterie-et-sans-chargeur\/","title":{"rendered":"RGA 140, sans batterie et sans chargeur"},"content":{"rendered":"<p>S\u00e9cateur circulaire puissant aliment\u00e9 par batterie pour un d\u00e9sherbage m\u00e9canique professionnel. Compartiment \u00e0 piles AP dans l\u2019outil, poign\u00e9e de commande ergonomique avec pr\u00e9s\u00e9lection de vitesse \u00e0 trois niveaux et indicateur LED ainsi que r\u00e9glage de la vitesse en continu, poign\u00e9e \u00e0 deux mains, double bandouli\u00e8re, filtre \u00e0 air pour une longue dur\u00e9e de vie. Le s\u00e9cateur circulaire robuste permet un enl\u00e8vement efficace avec un effet de projection tangentiel r\u00e9duit des mauvaises herbes et de l\u2019herbe sur diverses surfaces telles que le gravier ou les zones pav\u00e9es. Mise \u00e0 disposition du STIHL Smart Connector 2 A dans le bo\u00eetier de l\u2019outil.<br \/>\n886661731527   <\/p>\n<p>Tension nominale 36<br \/>\nPuissance Puissance<\/p>\n<p>Syst\u00e8me de batterie Syst\u00e8me de<br \/>\nbatterie Poids de l\u2019appareil 6,4<br \/>\nDiam\u00e8tre du cercle de coupe 230<\/p>\n","protected":false},"excerpt":{"rendered":"<p>RGA 140, sans batterie et sans chargeur<\/p>\n","protected":false},"featured_media":423864,"template":"","meta":{"_seopress_robots_primary_cat":"","_seopress_titles_title":"","_seopress_titles_desc":"","_seopress_robots_index":""},"product_brand":[3555],"product_cat":[1586,1601,167],"product_tag":[3267],"class_list":{"0":"post-464664","1":"product","2":"type-product","3":"status-publish","4":"has-post-thumbnail","6":"product_brand-stihl-fr","7":"product_cat-debroussailleuses-et-coupe-bordures","8":"product_cat-debroussailleuses-et-coupe-herbes-a-batterie","9":"product_cat-machines","10":"product_tag-import-stihl-fr","11":"sws-gruppo-macchinari-fr","12":"sws-conto-ricavi-merci-rivendita-macchinari-fr","13":"sws-gruppo-iva-iva81-fr","15":"first","16":"onbackorder","17":"purchasable","18":"product-type-simple"},"_links":{"self":[{"href":"https:\/\/lucacastelli.com\/fr\/wp-json\/wp\/v2\/product\/464664","targetHints":{"allow":["GET"]}}],"collection":[{"href":"https:\/\/lucacastelli.com\/fr\/wp-json\/wp\/v2\/product"}],"about":[{"href":"https:\/\/lucacastelli.com\/fr\/wp-json\/wp\/v2\/types\/product"}],"wp:featuredmedia":[{"embeddable":true,"href":"https:\/\/lucacastelli.com\/fr\/wp-json\/wp\/v2\/media\/423864"}],"wp:attachment":[{"href":"https:\/\/lucacastelli.com\/fr\/wp-json\/wp\/v2\/media?parent=464664"}],"wp:term":[{"taxonomy":"product_brand","embeddable":true,"href":"https:\/\/lucacastelli.com\/fr\/wp-json\/wp\/v2\/product_brand?post=464664"},{"taxonomy":"product_cat","embeddable":true,"href":"https:\/\/lucacastelli.com\/fr\/wp-json\/wp\/v2\/product_cat?post=464664"},{"taxonomy":"product_tag","embeddable":true,"href":"https:\/\/lucacastelli.com\/fr\/wp-json\/wp\/v2\/product_tag?post=464664"}],"curies":[{"name":"wp","href":"https:\/\/api.w.org\/{rel}","templated":true}]}}