{"id":464658,"date":"2025-05-31T22:54:08","date_gmt":"2025-05-31T20:54:08","guid":{"rendered":"https:\/\/lucacastelli.com\/prodotto\/protege-lame-de-coupe-herbe-305-mm\/"},"modified":"2025-06-28T19:40:53","modified_gmt":"2025-06-28T17:40:53","slug":"protege-lame-de-coupe-herbe-305-mm","status":"publish","type":"product","link":"https:\/\/lucacastelli.com\/fr\/produit\/protege-lame-de-coupe-herbe-305-mm\/","title":{"rendered":"STIHL Prot\u00e8ge-lame de coupe-herbe, 305 mm"},"content":{"rendered":"<p>Prot\u00e8ge contre les \u00e9claboussures de mat\u00e9riau coup\u00e9.<br \/>\n886661017898<\/p>\n","protected":false},"excerpt":{"rendered":"<p>Prot\u00e8ge-lame de coupe-herbe, 305 mm<\/p>\n","protected":false},"featured_media":423016,"template":"","meta":{"_seopress_robots_primary_cat":"","_seopress_titles_title":"","_seopress_titles_desc":"","_seopress_robots_index":""},"product_brand":[3366],"product_cat":[29,515,270],"product_tag":[3265],"class_list":{"0":"post-464658","1":"product","2":"type-product","3":"status-publish","4":"has-post-thumbnail","6":"product_brand-stihl","7":"product_cat-macchinari","8":"product_cat-accessori-e-materiale-di-consumo-altri-dispositivi","9":"product_cat-decespugliatori-e-tagliabordi","10":"product_tag-import-stihl","11":"sws-gruppo-macchinari-fr","12":"sws-conto-ricavi-merci-rivendita-macchinari-fr","13":"sws-gruppo-iva-iva81-fr","15":"first","16":"onbackorder","17":"purchasable","18":"product-type-simple"},"_links":{"self":[{"href":"https:\/\/lucacastelli.com\/fr\/wp-json\/wp\/v2\/product\/464658","targetHints":{"allow":["GET"]}}],"collection":[{"href":"https:\/\/lucacastelli.com\/fr\/wp-json\/wp\/v2\/product"}],"about":[{"href":"https:\/\/lucacastelli.com\/fr\/wp-json\/wp\/v2\/types\/product"}],"wp:featuredmedia":[{"embeddable":true,"href":"https:\/\/lucacastelli.com\/fr\/wp-json\/wp\/v2\/media\/423016"}],"wp:attachment":[{"href":"https:\/\/lucacastelli.com\/fr\/wp-json\/wp\/v2\/media?parent=464658"}],"wp:term":[{"taxonomy":"product_brand","embeddable":true,"href":"https:\/\/lucacastelli.com\/fr\/wp-json\/wp\/v2\/product_brand?post=464658"},{"taxonomy":"product_cat","embeddable":true,"href":"https:\/\/lucacastelli.com\/fr\/wp-json\/wp\/v2\/product_cat?post=464658"},{"taxonomy":"product_tag","embeddable":true,"href":"https:\/\/lucacastelli.com\/fr\/wp-json\/wp\/v2\/product_tag?post=464658"}],"curies":[{"name":"wp","href":"https:\/\/api.w.org\/{rel}","templated":true}]}}