{"id":464643,"date":"2025-05-31T22:53:13","date_gmt":"2025-05-31T20:53:13","guid":{"rendered":"https:\/\/lucacastelli.com\/prodotto\/scie-circulaire-a-dents-gougees-225-24\/"},"modified":"2026-03-02T14:15:58","modified_gmt":"2026-03-02T13:15:58","slug":"scie-circulaire-a-dents-gougees-225-24","status":"publish","type":"product","link":"https:\/\/lucacastelli.com\/fr\/produit\/scie-circulaire-a-dents-gougees-225-24\/","title":{"rendered":"STIHL Scie circulaire \u00e0 dents gouges, 225-24"},"content":{"rendered":"<p>Outil sp\u00e9cial en acier pour buissons ligneux et jeunes troncs. Adapt\u00e9 aux d\u00e9broussailleuses de puissance moyenne et sup\u00e9rieure.<br \/>\n886661149117 <\/p>\n","protected":false},"excerpt":{"rendered":"<p>Scie circulaire \u00e0 dents gouges, 225-24<\/p>\n","protected":false},"featured_media":423401,"template":"","meta":{"_seopress_robots_primary_cat":"none","_seopress_titles_title":"","_seopress_titles_desc":"","_seopress_robots_index":""},"product_brand":[3555],"product_cat":[1456,1586,167],"product_tag":[3267],"class_list":{"0":"post-464643","1":"product","2":"type-product","3":"status-publish","4":"has-post-thumbnail","6":"product_brand-stihl-fr","7":"product_cat-accessoires-et-consommables-fr","8":"product_cat-debroussailleuses-et-coupe-bordures","9":"product_cat-machines","10":"product_tag-import-stihl-fr","11":"sws-gruppo-macchinari-fr","12":"sws-conto-ricavi-merci-rivendita-macchinari-fr","13":"sws-gruppo-iva-iva81-fr","15":"first","16":"onbackorder","17":"purchasable","18":"product-type-simple"},"_links":{"self":[{"href":"https:\/\/lucacastelli.com\/fr\/wp-json\/wp\/v2\/product\/464643","targetHints":{"allow":["GET"]}}],"collection":[{"href":"https:\/\/lucacastelli.com\/fr\/wp-json\/wp\/v2\/product"}],"about":[{"href":"https:\/\/lucacastelli.com\/fr\/wp-json\/wp\/v2\/types\/product"}],"wp:featuredmedia":[{"embeddable":true,"href":"https:\/\/lucacastelli.com\/fr\/wp-json\/wp\/v2\/media\/423401"}],"wp:attachment":[{"href":"https:\/\/lucacastelli.com\/fr\/wp-json\/wp\/v2\/media?parent=464643"}],"wp:term":[{"taxonomy":"product_brand","embeddable":true,"href":"https:\/\/lucacastelli.com\/fr\/wp-json\/wp\/v2\/product_brand?post=464643"},{"taxonomy":"product_cat","embeddable":true,"href":"https:\/\/lucacastelli.com\/fr\/wp-json\/wp\/v2\/product_cat?post=464643"},{"taxonomy":"product_tag","embeddable":true,"href":"https:\/\/lucacastelli.com\/fr\/wp-json\/wp\/v2\/product_tag?post=464643"}],"curies":[{"name":"wp","href":"https:\/\/api.w.org\/{rel}","templated":true}]}}