{"id":464637,"date":"2025-05-31T22:45:15","date_gmt":"2025-05-31T20:45:15","guid":{"rendered":"https:\/\/lucacastelli.com\/prodotto\/scie-circulaire-a-dents-pointues-200mm\/"},"modified":"2026-03-02T14:14:26","modified_gmt":"2026-03-02T13:14:26","slug":"scie-circulaire-a-dents-pointues-200mm","status":"publish","type":"product","link":"https:\/\/lucacastelli.com\/fr\/produit\/scie-circulaire-a-dents-pointues-200mm\/","title":{"rendered":"STIHL Lame circulaire \u00e0 dents pointues, 200 mm"},"content":{"rendered":"<p>Outil sp\u00e9cial en acier pour buissons noueux, jeunes troncs et coupe \u00e0 ras du sol. Adapt\u00e9 aux d\u00e9broussailleuses de puissance moyenne et sup\u00e9rieure.<br \/>\n795711043865 <\/p>\n","protected":false},"excerpt":{"rendered":"<p>Lame circulaire \u00e0 dents pointues, 200 mm<\/p>\n","protected":false},"featured_media":678835,"template":"","meta":{"_seopress_robots_primary_cat":"none","_seopress_titles_title":"","_seopress_titles_desc":"","_seopress_robots_index":""},"product_brand":[3366],"product_cat":[515,270],"product_tag":[3265],"class_list":{"0":"post-464637","1":"product","2":"type-product","3":"status-publish","4":"has-post-thumbnail","6":"product_brand-stihl","7":"product_cat-accessori-e-materiale-di-consumo-altri-dispositivi","8":"product_cat-decespugliatori-e-tagliabordi","9":"product_tag-import-stihl","10":"sws-gruppo-macchinari-fr","11":"sws-conto-ricavi-merci-rivendita-macchinari-fr","12":"sws-gruppo-iva-iva81-fr","14":"first","15":"onbackorder","16":"purchasable","17":"product-type-simple"},"_links":{"self":[{"href":"https:\/\/lucacastelli.com\/fr\/wp-json\/wp\/v2\/product\/464637","targetHints":{"allow":["GET"]}}],"collection":[{"href":"https:\/\/lucacastelli.com\/fr\/wp-json\/wp\/v2\/product"}],"about":[{"href":"https:\/\/lucacastelli.com\/fr\/wp-json\/wp\/v2\/types\/product"}],"wp:featuredmedia":[{"embeddable":true,"href":"https:\/\/lucacastelli.com\/fr\/wp-json\/wp\/v2\/media\/678835"}],"wp:attachment":[{"href":"https:\/\/lucacastelli.com\/fr\/wp-json\/wp\/v2\/media?parent=464637"}],"wp:term":[{"taxonomy":"product_brand","embeddable":true,"href":"https:\/\/lucacastelli.com\/fr\/wp-json\/wp\/v2\/product_brand?post=464637"},{"taxonomy":"product_cat","embeddable":true,"href":"https:\/\/lucacastelli.com\/fr\/wp-json\/wp\/v2\/product_cat?post=464637"},{"taxonomy":"product_tag","embeddable":true,"href":"https:\/\/lucacastelli.com\/fr\/wp-json\/wp\/v2\/product_tag?post=464637"}],"curies":[{"name":"wp","href":"https:\/\/api.w.org\/{rel}","templated":true}]}}