{"id":464635,"date":"2025-05-31T22:44:37","date_gmt":"2025-05-31T20:44:37","guid":{"rendered":"https:\/\/lucacastelli.com\/prodotto\/modele-de-couteau-de-brousse-a-3-couteaux\/"},"modified":"2026-03-02T14:14:29","modified_gmt":"2026-03-02T13:14:29","slug":"modele-de-couteau-de-brousse-a-3-couteaux","status":"publish","type":"product","link":"https:\/\/lucacastelli.com\/fr\/produit\/modele-de-couteau-de-brousse-a-3-couteaux\/","title":{"rendered":"STIHL Gabarit pour couteau d\u00e9broussailleuse \u00e0 3 lames"},"content":{"rendered":"<p>Gabarit pour aff\u00fbtage de couteaux d\u00e9broussailleuse.<br \/>\n795711160104<\/p>\n","protected":false},"excerpt":{"rendered":"<p>Gabarit pour couteau d\u00e9broussailleuse \u00e0 3 lames<\/p>\n","protected":false},"featured_media":423063,"template":"","meta":{"_seopress_robots_primary_cat":"","_seopress_titles_title":"","_seopress_titles_desc":"","_seopress_robots_index":""},"product_brand":[3366],"product_cat":[515,270],"product_tag":[3265],"class_list":{"0":"post-464635","1":"product","2":"type-product","3":"status-publish","4":"has-post-thumbnail","6":"product_brand-stihl","7":"product_cat-accessori-e-materiale-di-consumo-altri-dispositivi","8":"product_cat-decespugliatori-e-tagliabordi","9":"product_tag-import-stihl","10":"sws-gruppo-macchinari-fr","11":"sws-conto-ricavi-merci-rivendita-macchinari-fr","12":"sws-gruppo-iva-iva81-fr","14":"first","15":"onbackorder","16":"purchasable","17":"product-type-simple"},"_links":{"self":[{"href":"https:\/\/lucacastelli.com\/fr\/wp-json\/wp\/v2\/product\/464635","targetHints":{"allow":["GET"]}}],"collection":[{"href":"https:\/\/lucacastelli.com\/fr\/wp-json\/wp\/v2\/product"}],"about":[{"href":"https:\/\/lucacastelli.com\/fr\/wp-json\/wp\/v2\/types\/product"}],"wp:featuredmedia":[{"embeddable":true,"href":"https:\/\/lucacastelli.com\/fr\/wp-json\/wp\/v2\/media\/423063"}],"wp:attachment":[{"href":"https:\/\/lucacastelli.com\/fr\/wp-json\/wp\/v2\/media?parent=464635"}],"wp:term":[{"taxonomy":"product_brand","embeddable":true,"href":"https:\/\/lucacastelli.com\/fr\/wp-json\/wp\/v2\/product_brand?post=464635"},{"taxonomy":"product_cat","embeddable":true,"href":"https:\/\/lucacastelli.com\/fr\/wp-json\/wp\/v2\/product_cat?post=464635"},{"taxonomy":"product_tag","embeddable":true,"href":"https:\/\/lucacastelli.com\/fr\/wp-json\/wp\/v2\/product_tag?post=464635"}],"curies":[{"name":"wp","href":"https:\/\/api.w.org\/{rel}","templated":true}]}}