{"id":464623,"date":"2025-05-31T22:44:21","date_gmt":"2025-05-31T20:44:21","guid":{"rendered":"https:\/\/lucacastelli.com\/prodotto\/lame-de-tondeuse-a-gazon-quatre-dents-230-mm\/"},"modified":"2025-05-31T22:44:21","modified_gmt":"2025-05-31T20:44:21","slug":"lame-de-tondeuse-a-gazon-quatre-dents-230-mm","status":"publish","type":"product","link":"https:\/\/lucacastelli.com\/fr\/produit\/lame-de-tondeuse-a-gazon-quatre-dents-230-mm\/","title":{"rendered":"Lame de tondeuse \u00e0 gazon, quatre dents, 230 mm"},"content":{"rendered":"<p>Lame de tondeuse \u00e0 gazon \u00e0 4 dents, pour d\u00e9broussailleuses STIHL. Pour couper l\u2019herbe parasite, les roseaux ou les buissons non ligneux.<br \/>\n795711043414 <\/p>\n","protected":false},"excerpt":{"rendered":"<p>Lame de tondeuse \u00e0 gazon, quatre dents, 230 mm<\/p>\n","protected":false},"featured_media":423052,"template":"","meta":{"_seopress_robots_primary_cat":"","_seopress_titles_title":"","_seopress_titles_desc":"","_seopress_robots_index":""},"product_brand":[3366],"product_cat":[515,270],"product_tag":[3265],"class_list":{"0":"post-464623","1":"product","2":"type-product","3":"status-publish","4":"has-post-thumbnail","6":"product_brand-stihl","7":"product_cat-accessori-e-materiale-di-consumo-altri-dispositivi","8":"product_cat-decespugliatori-e-tagliabordi","9":"product_tag-import-stihl","10":"sws-gruppo-macchinari-fr","11":"sws-conto-ricavi-merci-rivendita-macchinari-fr","12":"sws-gruppo-iva-iva81-fr","14":"first","15":"onbackorder","16":"purchasable","17":"product-type-simple"},"_links":{"self":[{"href":"https:\/\/lucacastelli.com\/fr\/wp-json\/wp\/v2\/product\/464623","targetHints":{"allow":["GET"]}}],"collection":[{"href":"https:\/\/lucacastelli.com\/fr\/wp-json\/wp\/v2\/product"}],"about":[{"href":"https:\/\/lucacastelli.com\/fr\/wp-json\/wp\/v2\/types\/product"}],"wp:featuredmedia":[{"embeddable":true,"href":"https:\/\/lucacastelli.com\/fr\/wp-json\/wp\/v2\/media\/423052"}],"wp:attachment":[{"href":"https:\/\/lucacastelli.com\/fr\/wp-json\/wp\/v2\/media?parent=464623"}],"wp:term":[{"taxonomy":"product_brand","embeddable":true,"href":"https:\/\/lucacastelli.com\/fr\/wp-json\/wp\/v2\/product_brand?post=464623"},{"taxonomy":"product_cat","embeddable":true,"href":"https:\/\/lucacastelli.com\/fr\/wp-json\/wp\/v2\/product_cat?post=464623"},{"taxonomy":"product_tag","embeddable":true,"href":"https:\/\/lucacastelli.com\/fr\/wp-json\/wp\/v2\/product_tag?post=464623"}],"curies":[{"name":"wp","href":"https:\/\/api.w.org\/{rel}","templated":true}]}}