{"id":464608,"date":"2025-05-31T22:42:39","date_gmt":"2025-05-31T20:42:39","guid":{"rendered":"https:\/\/lucacastelli.com\/prodotto\/protege-main-pour-coupe-bordures\/"},"modified":"2025-05-31T22:42:39","modified_gmt":"2025-05-31T20:42:39","slug":"protege-main-pour-coupe-bordures","status":"publish","type":"product","link":"https:\/\/lucacastelli.com\/fr\/produit\/protege-main-pour-coupe-bordures\/","title":{"rendered":"Prot\u00e8ge-main pour coupe-bordures"},"content":{"rendered":"<p>Prot\u00e8ge-main pratique pour les mod\u00e8les FS 260, FS 360, FS 410, FS 460, FS 490 (sauf FS 490 C-EM KW), FS 510 et FS 560.<br \/>\n795711967079<\/p>\n","protected":false},"excerpt":{"rendered":"<p>Prot\u00e8ge-main pour coupe-bordures<\/p>\n","protected":false},"featured_media":423019,"template":"","meta":{"_seopress_robots_primary_cat":"","_seopress_titles_title":"","_seopress_titles_desc":"","_seopress_robots_index":""},"product_brand":[3366],"product_cat":[515,270],"product_tag":[3265],"class_list":{"0":"post-464608","1":"product","2":"type-product","3":"status-publish","4":"has-post-thumbnail","6":"product_brand-stihl","7":"product_cat-accessori-e-materiale-di-consumo-altri-dispositivi","8":"product_cat-decespugliatori-e-tagliabordi","9":"product_tag-import-stihl","10":"sws-gruppo-macchinari-fr","11":"sws-conto-ricavi-merci-rivendita-macchinari-fr","12":"sws-gruppo-iva-iva81-fr","14":"first","15":"onbackorder","16":"purchasable","17":"product-type-simple"},"_links":{"self":[{"href":"https:\/\/lucacastelli.com\/fr\/wp-json\/wp\/v2\/product\/464608","targetHints":{"allow":["GET"]}}],"collection":[{"href":"https:\/\/lucacastelli.com\/fr\/wp-json\/wp\/v2\/product"}],"about":[{"href":"https:\/\/lucacastelli.com\/fr\/wp-json\/wp\/v2\/types\/product"}],"wp:featuredmedia":[{"embeddable":true,"href":"https:\/\/lucacastelli.com\/fr\/wp-json\/wp\/v2\/media\/423019"}],"wp:attachment":[{"href":"https:\/\/lucacastelli.com\/fr\/wp-json\/wp\/v2\/media?parent=464608"}],"wp:term":[{"taxonomy":"product_brand","embeddable":true,"href":"https:\/\/lucacastelli.com\/fr\/wp-json\/wp\/v2\/product_brand?post=464608"},{"taxonomy":"product_cat","embeddable":true,"href":"https:\/\/lucacastelli.com\/fr\/wp-json\/wp\/v2\/product_cat?post=464608"},{"taxonomy":"product_tag","embeddable":true,"href":"https:\/\/lucacastelli.com\/fr\/wp-json\/wp\/v2\/product_tag?post=464608"}],"curies":[{"name":"wp","href":"https:\/\/api.w.org\/{rel}","templated":true}]}}