{"id":464606,"date":"2025-05-31T22:42:15","date_gmt":"2025-05-31T20:42:15","guid":{"rendered":"https:\/\/lucacastelli.com\/prodotto\/equipement-de-dechiquetage-de-base\/"},"modified":"2026-02-20T17:19:50","modified_gmt":"2026-02-20T16:19:50","slug":"equipement-de-dechiquetage-de-base","status":"publish","type":"product","link":"https:\/\/lucacastelli.com\/fr\/produit\/equipement-de-dechiquetage-de-base\/","title":{"rendered":"\u00c9quipement de d\u00e9chiquetage de base"},"content":{"rendered":"<p>Compos\u00e9 d\u2019un couteau de broyage, d\u2019une protection de broyage et d\u2019\u00e9l\u00e9ments de fixation.<br \/>\n795711858131<\/p>\n","protected":false},"excerpt":{"rendered":"<p>\u00c9quipement de d\u00e9chiquetage de base<\/p>\n","protected":false},"featured_media":423009,"template":"","meta":{"_seopress_robots_primary_cat":"","_seopress_titles_title":"","_seopress_titles_desc":"","_seopress_robots_index":""},"product_brand":[3366],"product_cat":[29,270,280],"product_tag":[3265],"class_list":{"0":"post-464606","1":"product","2":"type-product","3":"status-publish","4":"has-post-thumbnail","6":"product_brand-stihl","7":"product_cat-macchinari","8":"product_cat-decespugliatori-e-tagliabordi","9":"product_cat-decespugliatori-e-tagliabordi-a-motore","10":"product_tag-import-stihl","11":"sws-gruppo-macchinari-fr","12":"sws-conto-ricavi-merci-rivendita-macchinari-fr","13":"sws-gruppo-iva-iva81-fr","15":"first","16":"onbackorder","17":"purchasable","18":"product-type-simple"},"_links":{"self":[{"href":"https:\/\/lucacastelli.com\/fr\/wp-json\/wp\/v2\/product\/464606","targetHints":{"allow":["GET"]}}],"collection":[{"href":"https:\/\/lucacastelli.com\/fr\/wp-json\/wp\/v2\/product"}],"about":[{"href":"https:\/\/lucacastelli.com\/fr\/wp-json\/wp\/v2\/types\/product"}],"wp:featuredmedia":[{"embeddable":true,"href":"https:\/\/lucacastelli.com\/fr\/wp-json\/wp\/v2\/media\/423009"}],"wp:attachment":[{"href":"https:\/\/lucacastelli.com\/fr\/wp-json\/wp\/v2\/media?parent=464606"}],"wp:term":[{"taxonomy":"product_brand","embeddable":true,"href":"https:\/\/lucacastelli.com\/fr\/wp-json\/wp\/v2\/product_brand?post=464606"},{"taxonomy":"product_cat","embeddable":true,"href":"https:\/\/lucacastelli.com\/fr\/wp-json\/wp\/v2\/product_cat?post=464606"},{"taxonomy":"product_tag","embeddable":true,"href":"https:\/\/lucacastelli.com\/fr\/wp-json\/wp\/v2\/product_tag?post=464606"}],"curies":[{"name":"wp","href":"https:\/\/api.w.org\/{rel}","templated":true}]}}