{"id":464587,"date":"2025-05-31T22:37:39","date_gmt":"2025-05-31T20:37:39","guid":{"rendered":"https:\/\/lucacastelli.com\/prodotto\/fil-pentagonal-o-24-mm-x-2910-m-orange\/"},"modified":"2026-01-05T15:02:35","modified_gmt":"2026-01-05T14:02:35","slug":"fil-pentagonal-o-24-mm-x-2910-m-orange","status":"publish","type":"product","link":"https:\/\/lucacastelli.com\/fr\/produit\/fil-pentagonal-o-24-mm-x-2910-m-orange\/","title":{"rendered":"Fil pentagonal STIHL \u00d8 2,4 mm x 291,0 m orange"},"content":{"rendered":"<p>pUtilisation polyvalente, avec un pouvoir de coupe \u00e9lev\u00e9.\/p<br \/>\n795711380519<\/p>\n","protected":false},"excerpt":{"rendered":"<p>Fil pentagonal \u00d8 2,4 mm x 291,0 m orange<\/p>\n","protected":false},"featured_media":422912,"template":"","meta":{"_seopress_robots_primary_cat":"","_seopress_titles_title":"","_seopress_titles_desc":"","_seopress_robots_index":""},"product_brand":[3366],"product_cat":[515,270],"product_tag":[3265],"class_list":{"0":"post-464587","1":"product","2":"type-product","3":"status-publish","4":"has-post-thumbnail","6":"product_brand-stihl","7":"product_cat-accessori-e-materiale-di-consumo-altri-dispositivi","8":"product_cat-decespugliatori-e-tagliabordi","9":"product_tag-import-stihl","10":"sws-gruppo-macchinari-fr","11":"sws-conto-ricavi-merci-rivendita-macchinari-fr","12":"sws-gruppo-iva-iva81-fr","14":"first","15":"onbackorder","16":"purchasable","17":"product-type-simple"},"_links":{"self":[{"href":"https:\/\/lucacastelli.com\/fr\/wp-json\/wp\/v2\/product\/464587","targetHints":{"allow":["GET"]}}],"collection":[{"href":"https:\/\/lucacastelli.com\/fr\/wp-json\/wp\/v2\/product"}],"about":[{"href":"https:\/\/lucacastelli.com\/fr\/wp-json\/wp\/v2\/types\/product"}],"wp:featuredmedia":[{"embeddable":true,"href":"https:\/\/lucacastelli.com\/fr\/wp-json\/wp\/v2\/media\/422912"}],"wp:attachment":[{"href":"https:\/\/lucacastelli.com\/fr\/wp-json\/wp\/v2\/media?parent=464587"}],"wp:term":[{"taxonomy":"product_brand","embeddable":true,"href":"https:\/\/lucacastelli.com\/fr\/wp-json\/wp\/v2\/product_brand?post=464587"},{"taxonomy":"product_cat","embeddable":true,"href":"https:\/\/lucacastelli.com\/fr\/wp-json\/wp\/v2\/product_cat?post=464587"},{"taxonomy":"product_tag","embeddable":true,"href":"https:\/\/lucacastelli.com\/fr\/wp-json\/wp\/v2\/product_tag?post=464587"}],"curies":[{"name":"wp","href":"https:\/\/api.w.org\/{rel}","templated":true}]}}