{"id":464567,"date":"2025-06-01T00:34:33","date_gmt":"2025-05-31T22:34:33","guid":{"rendered":"https:\/\/lucacastelli.com\/prodotto\/butee-et-protection-de-scie-circulaire-o-225-mm\/"},"modified":"2025-06-28T20:12:32","modified_gmt":"2025-06-28T18:12:32","slug":"butee-et-protection-de-scie-circulaire-o-225-mm","status":"publish","type":"product","link":"https:\/\/lucacastelli.com\/fr\/produit\/butee-et-protection-de-scie-circulaire-o-225-mm\/","title":{"rendered":"STIHL But\u00e9e et protection de scie circulaire, \u00d8 225 mm"},"content":{"rendered":"<p>But\u00e9e de scie circulaire robuste, 225 mm.<br \/>\n795711557904<\/p>\n","protected":false},"excerpt":{"rendered":"<p>But\u00e9e et protection de scie circulaire, \u00d8 225 mm<\/p>\n","protected":false},"featured_media":430319,"template":"","meta":{"_seopress_robots_primary_cat":"","_seopress_titles_title":"","_seopress_titles_desc":"","_seopress_robots_index":""},"product_brand":[3366],"product_cat":[186,29,270],"product_tag":[3265],"class_list":{"0":"post-464567","1":"product","2":"type-product","3":"status-publish","4":"has-post-thumbnail","6":"product_brand-stihl","7":"product_cat-accessori-per-labbigliamento","8":"product_cat-macchinari","9":"product_cat-decespugliatori-e-tagliabordi","10":"product_tag-import-stihl","11":"sws-gruppo-macchinari-fr","12":"sws-conto-ricavi-merci-rivendita-macchinari-fr","13":"sws-gruppo-iva-iva81-fr","15":"first","16":"onbackorder","17":"purchasable","18":"product-type-simple"},"_links":{"self":[{"href":"https:\/\/lucacastelli.com\/fr\/wp-json\/wp\/v2\/product\/464567","targetHints":{"allow":["GET"]}}],"collection":[{"href":"https:\/\/lucacastelli.com\/fr\/wp-json\/wp\/v2\/product"}],"about":[{"href":"https:\/\/lucacastelli.com\/fr\/wp-json\/wp\/v2\/types\/product"}],"wp:featuredmedia":[{"embeddable":true,"href":"https:\/\/lucacastelli.com\/fr\/wp-json\/wp\/v2\/media\/430319"}],"wp:attachment":[{"href":"https:\/\/lucacastelli.com\/fr\/wp-json\/wp\/v2\/media?parent=464567"}],"wp:term":[{"taxonomy":"product_brand","embeddable":true,"href":"https:\/\/lucacastelli.com\/fr\/wp-json\/wp\/v2\/product_brand?post=464567"},{"taxonomy":"product_cat","embeddable":true,"href":"https:\/\/lucacastelli.com\/fr\/wp-json\/wp\/v2\/product_cat?post=464567"},{"taxonomy":"product_tag","embeddable":true,"href":"https:\/\/lucacastelli.com\/fr\/wp-json\/wp\/v2\/product_tag?post=464567"}],"curies":[{"name":"wp","href":"https:\/\/api.w.org\/{rel}","templated":true}]}}