{"id":464563,"date":"2025-06-01T00:34:39","date_gmt":"2025-05-31T22:34:39","guid":{"rendered":"https:\/\/lucacastelli.com\/prodotto\/bandouliere-universelle-advance-taille-standard\/"},"modified":"2025-06-28T20:12:49","modified_gmt":"2025-06-28T18:12:49","slug":"bandouliere-universelle-advance-taille-standard","status":"publish","type":"product","link":"https:\/\/lucacastelli.com\/fr\/produit\/bandouliere-universelle-advance-taille-standard\/","title":{"rendered":"STIHL Bandouli\u00e8re universelle ADVANCE, taille standard"},"content":{"rendered":"<p>Particuli\u00e8rement ergonomique, confortable et l\u00e9ger. Pour tondre et d\u00e9chiqueter avec moins d\u2019effort. \u00c9galement disponible avec ceinture thoracique et sac \u00e0 dos pour outils. Pour FS 50 &#8211; FS 560.<br \/>\n795711424602   <\/p>\n","protected":false},"excerpt":{"rendered":"<p>Bandouli\u00e8re universelle ADVANCE, taille standard<\/p>\n","protected":false},"featured_media":430324,"template":"","meta":{"_seopress_robots_primary_cat":"","_seopress_titles_title":"","_seopress_titles_desc":"","_seopress_robots_index":""},"product_brand":[3366],"product_cat":[186,29,270],"product_tag":[3265],"class_list":{"0":"post-464563","1":"product","2":"type-product","3":"status-publish","4":"has-post-thumbnail","6":"product_brand-stihl","7":"product_cat-accessori-per-labbigliamento","8":"product_cat-macchinari","9":"product_cat-decespugliatori-e-tagliabordi","10":"product_tag-import-stihl","11":"sws-gruppo-macchinari-fr","12":"sws-conto-ricavi-merci-rivendita-macchinari-fr","13":"sws-gruppo-iva-iva81-fr","15":"first","16":"onbackorder","17":"purchasable","18":"product-type-simple"},"_links":{"self":[{"href":"https:\/\/lucacastelli.com\/fr\/wp-json\/wp\/v2\/product\/464563","targetHints":{"allow":["GET"]}}],"collection":[{"href":"https:\/\/lucacastelli.com\/fr\/wp-json\/wp\/v2\/product"}],"about":[{"href":"https:\/\/lucacastelli.com\/fr\/wp-json\/wp\/v2\/types\/product"}],"wp:featuredmedia":[{"embeddable":true,"href":"https:\/\/lucacastelli.com\/fr\/wp-json\/wp\/v2\/media\/430324"}],"wp:attachment":[{"href":"https:\/\/lucacastelli.com\/fr\/wp-json\/wp\/v2\/media?parent=464563"}],"wp:term":[{"taxonomy":"product_brand","embeddable":true,"href":"https:\/\/lucacastelli.com\/fr\/wp-json\/wp\/v2\/product_brand?post=464563"},{"taxonomy":"product_cat","embeddable":true,"href":"https:\/\/lucacastelli.com\/fr\/wp-json\/wp\/v2\/product_cat?post=464563"},{"taxonomy":"product_tag","embeddable":true,"href":"https:\/\/lucacastelli.com\/fr\/wp-json\/wp\/v2\/product_tag?post=464563"}],"curies":[{"name":"wp","href":"https:\/\/api.w.org\/{rel}","templated":true}]}}