{"id":464562,"date":"2025-06-01T00:33:35","date_gmt":"2025-05-31T22:33:35","guid":{"rendered":"https:\/\/lucacastelli.com\/prodotto\/scie-circulaire-a-dents-gouges-200mm\/"},"modified":"2026-03-09T00:37:09","modified_gmt":"2026-03-08T23:37:09","slug":"scie-circulaire-a-dents-gouges-200mm","status":"publish","type":"product","link":"https:\/\/lucacastelli.com\/fr\/produit\/scie-circulaire-a-dents-gouges-200mm\/","title":{"rendered":"STIHL Lame circulaire \u00e0 dents \u00e0 gouge, 200 mm"},"content":{"rendered":"<h2>Lame pour scie circulaire WoodCut \u00e0 dents cisel\u00e9es : pour les travaux de d\u00e9broussaillage et de sylviculture<\/h2>\n<p>Avec la lame pour scie circulaire STIHL WoodCut \u00e0 dents cisel\u00e9es, vous pourrez effectuer de nombreux <b>travaux forestiers<\/b> de mani\u00e8re particuli\u00e8rement efficace et rapide. Cette lame professionnelle vous permettra de couper sans effort des <b>buissons noueux ou des troncs fins<\/b> ou d&#8217;effectuer directement des <b>travaux de d\u00e9broussaillage<\/b>. <\/p>\n<p>La lame STIHL WoodCut avec dents \u00e0 gouge est disponible en 3 variantes : avec un <b>diam\u00e8tre de 200 mm et 22 dents<\/b> et <b>un al\u00e9sage de 25,4 mm<\/b> ou <b>un al\u00e9sage de 20 mm<\/b> ; la troisi\u00e8me version a un <b>diam\u00e8tre de 225 mm et 24 dents<\/b>, <b>avec un al\u00e9sage de 20 mm<\/b>. Ces accessoires pour d\u00e9broussailleuses et tron\u00e7onneuses STIHL peuvent \u00eatre utilis\u00e9s de mani\u00e8re optimale avec les appareils suivants : <\/p>\n<p><b>200 mm de diam\u00e8tre, 22 dents et al\u00e9sage de 25,4 mm (r\u00e9f\u00e9rence : 4112 713 4203) :<\/b><\/p>\n<ul>\n<li><a href=\"https:\/\/www.stihl.de\/de\/p\/rasentrimmer-motorsensen-freischneider-fs-89-75082\"><b>FS 89<\/b><\/a><\/li>\n<li><a href=\"https:\/\/www.stihl.de\/de\/p\/rasentrimmer-motorsensen-freischneider-fs-91-75071\"><b>FS 91<\/b><\/a><\/li>\n<li><a href=\"https:\/\/www.stihl.de\/de\/p\/rasentrimmer-motorsensen-freischneider-fs-111-75093\"><b>FS 111<\/b><\/a><\/li>\n<li><a href=\"https:\/\/www.stihl.de\/de\/p\/rasentrimmer-motorsensen-freischneider-fs-131-75065\"><b>FS 131<\/b><\/a><\/li>\n<li><a href=\"https:\/\/www.stihl.de\/de\/p\/rasentrimmer-motorsensen-freischneider-fs-240-1916\"><b>FS 240 C-E<\/b><\/a><\/li>\n<li><a href=\"https:\/\/www.stihl.de\/de\/p\/rasentrimmer-motorsensen-freischneider-fsa-130-ap-system-76259\"><b>FSA 130<\/b><\/a> (non compatible avec FSA 130 R)<\/li>\n<li><a href=\"https:\/\/www.stihl.de\/de\/p\/rasentrimmer-motorsensen-freischneider-fsa-135-ap-system-126162\"><b>FSA 135<\/b><\/a> (non compatible avec FSA 135 R)<\/li>\n<\/ul>\n<p>Cet outil de coupe en m\u00e9tal peut \u00e9galement \u00eatre utilis\u00e9 avec les d\u00e9broussailleuses STIHL FS 80 et FS 85, qui ne sont plus disponibles.<\/p>\n<p><b>Diam\u00e8tre 200 mm, 22 dents<\/b> et <b>al\u00e9sage de 20 mm (r\u00e9f\u00e9rence : 4119 713 4200)<\/b> :<\/p>\n<ul>\n<li><a href=\"https:\/\/www.stihl.de\/de\/p\/rasentrimmer-motorsensen-freischneider-fs-260-1912\"><b>FS 260 C-E<\/b><\/a><\/li>\n<li><a href=\"https:\/\/www.stihl.de\/de\/p\/rasentrimmer-motorsensen-freischneider-fs-311-75067\"><b>FS 311<\/b><\/a><\/li>\n<li><a href=\"https:\/\/www.stihl.de\/de\/p\/rasentrimmer-motorsensen-freischneider-fs-360-67784\"><b>FS 360 C-EM<\/b><\/a><\/li>\n<li><a href=\"https:\/\/www.stihl.de\/de\/p\/rasentrimmer-motorsensen-freischneider-fs-361-147214\"><b>FS 361 C-EM<\/b><\/a><\/li>\n<li><a href=\"https:\/\/www.stihl.de\/de\/p\/rasentrimmer-motorsensen-freischneider-fs-410-67822\"><b>FS 410<\/b><\/a><\/li>\n<li><a href=\"https:\/\/www.stihl.de\/de\/p\/rasentrimmer-motorsensen-freischneider-fs-411-147215\"><b>FS 411<\/b><\/a><\/li>\n<li><a href=\"https:\/\/www.stihl.de\/de\/p\/rasentrimmer-motorsensen-freischneider-fs-460-1920\"><b>FS 460<\/b><\/a><\/li>\n<li><a href=\"https:\/\/www.stihl.de\/de\/p\/rasentrimmer-motorsensen-freischneider-fs-461-147231\"><b>FS 461<\/b><\/a><\/li>\n<li><a href=\"https:\/\/www.stihl.de\/de\/p\/rasentrimmer-motorsensen-freischneider-fs-490-1973\"><b>FS 490<\/b><\/a><\/li>\n<li><a href=\"https:\/\/www.stihl.de\/de\/p\/rasentrimmer-motorsensen-freischneider-fs-491-135002\"><b>FS 491 C-EM<\/b><\/a><\/li>\n<\/ul>\n<p><b>Diam\u00e8tre 225 mm, 24 dents<\/b> et <b>al\u00e9sage de 20 mm (r\u00e9f\u00e9rence : 4000 713 4201)<\/b> :<\/p>\n<ul>\n<li><a href=\"https:\/\/www.stihl.de\/de\/p\/rasentrimmer-motorsensen-freischneider-fs-260-1912\"><b>FS 260 C-E<\/b><\/a><\/li>\n<li><a href=\"https:\/\/www.stihl.de\/de\/p\/rasentrimmer-motorsensen-freischneider-fs-311-75067\"><b>FS 311<\/b><\/a><\/li>\n<li><a href=\"https:\/\/www.stihl.de\/de\/p\/rasentrimmer-motorsensen-freischneider-fs-360-67784\"><b>FS 360 C-EM<\/b><\/a><\/li>\n<li><a href=\"https:\/\/www.stihl.de\/de\/p\/rasentrimmer-motorsensen-freischneider-fs-361-147214\"><b>FS 361 C-EM<\/b><\/a><\/li>\n<li><a href=\"https:\/\/www.stihl.de\/de\/p\/rasentrimmer-motorsensen-freischneider-fs-410-67822\"><b>FS 410<\/b><\/a><\/li>\n<li><a href=\"https:\/\/www.stihl.de\/de\/p\/rasentrimmer-motorsensen-freischneider-fs-411-147215\"><b>FS 411<\/b><\/a><\/li>\n<li><a href=\"https:\/\/www.stihl.de\/de\/p\/rasentrimmer-motorsensen-freischneider-fs-460-1920\"><b>FS 460<\/b><\/a><\/li>\n<li><a href=\"https:\/\/www.stihl.de\/de\/p\/rasentrimmer-motorsensen-freischneider-fs-461-147231\"><b>FS 461<\/b><\/a><\/li>\n<li><a href=\"https:\/\/www.stihl.de\/de\/p\/rasentrimmer-motorsensen-freischneider-fs-490-1973\"><b>FS 490<\/b><\/a><\/li>\n<li><a href=\"https:\/\/www.stihl.de\/de\/p\/rasentrimmer-motorsensen-freischneider-fs-491-135002\"><b>FS 491 C-EM<\/b><\/a><\/li>\n<li><a href=\"https:\/\/www.stihl.de\/de\/p\/rasentrimmer-motorsensen-freischneider-fs-560-1969+\"><b>FS 560 C-EM<\/b><\/a><\/li>\n<li><a href=\"https:\/\/www.stihl.de\/de\/p\/rasentrimmer-motorsensen-freischneider-fs-561-135011\"><b>FS 561 C-EM<\/b><\/a><\/li>\n<\/ul>\n<p>La version \u00e0 24 dents de cette lame STIHL WoodCut avec dents \u00e0 ciseau peut en outre \u00eatre combin\u00e9e avec la d\u00e9broussailleuse STIHL FS 510 C-EM (qui n&#8217;est plus disponible).<\/p>\n<p><b>Avertissement :<\/b> pour votre s\u00e9curit\u00e9, n&#8217;utilisez la lame pour scie circulaire WoodCut \u00e0 dents creuses qu&#8217;avec un protecteur STIHL pour lames circulaires de d\u00e9broussailleuses.<\/p>\n","protected":false},"excerpt":{"rendered":"<p>Lame circulaire \u00e0 dents \u00e0 gouge, 200 mm<\/p>\n","protected":false},"featured_media":678851,"template":"","meta":{"_seopress_robots_primary_cat":"none","_seopress_titles_title":"","_seopress_titles_desc":"","_seopress_robots_index":""},"product_brand":[3366],"product_cat":[186,29,270],"product_tag":[3265],"class_list":{"0":"post-464562","1":"product","2":"type-product","3":"status-publish","4":"has-post-thumbnail","6":"product_brand-stihl","7":"product_cat-accessori-per-labbigliamento","8":"product_cat-macchinari","9":"product_cat-decespugliatori-e-tagliabordi","10":"product_tag-import-stihl","11":"sws-gruppo-macchinari-fr","12":"sws-conto-ricavi-merci-rivendita-macchinari-fr","13":"sws-gruppo-iva-iva81-fr","15":"first","16":"onbackorder","17":"purchasable","18":"product-type-simple"},"_links":{"self":[{"href":"https:\/\/lucacastelli.com\/fr\/wp-json\/wp\/v2\/product\/464562","targetHints":{"allow":["GET"]}}],"collection":[{"href":"https:\/\/lucacastelli.com\/fr\/wp-json\/wp\/v2\/product"}],"about":[{"href":"https:\/\/lucacastelli.com\/fr\/wp-json\/wp\/v2\/types\/product"}],"wp:featuredmedia":[{"embeddable":true,"href":"https:\/\/lucacastelli.com\/fr\/wp-json\/wp\/v2\/media\/678851"}],"wp:attachment":[{"href":"https:\/\/lucacastelli.com\/fr\/wp-json\/wp\/v2\/media?parent=464562"}],"wp:term":[{"taxonomy":"product_brand","embeddable":true,"href":"https:\/\/lucacastelli.com\/fr\/wp-json\/wp\/v2\/product_brand?post=464562"},{"taxonomy":"product_cat","embeddable":true,"href":"https:\/\/lucacastelli.com\/fr\/wp-json\/wp\/v2\/product_cat?post=464562"},{"taxonomy":"product_tag","embeddable":true,"href":"https:\/\/lucacastelli.com\/fr\/wp-json\/wp\/v2\/product_tag?post=464562"}],"curies":[{"name":"wp","href":"https:\/\/api.w.org\/{rel}","templated":true}]}}