{"id":464559,"date":"2025-06-01T00:33:11","date_gmt":"2025-05-31T22:33:11","guid":{"rendered":"https:\/\/lucacastelli.com\/prodotto\/couteau-de-brousse-250mm\/"},"modified":"2026-03-09T00:37:09","modified_gmt":"2026-03-08T23:37:09","slug":"couteau-de-brousse-250mm","status":"publish","type":"product","link":"https:\/\/lucacastelli.com\/fr\/produit\/couteau-de-brousse-250mm\/","title":{"rendered":"STIHL Couteau \u00e0 taillis, 250 mm"},"content":{"rendered":"<p>Couteau \u00e0 taillis en acier pour l\u2019\u00e9claircissage et l\u2019\u00e9limination d\u2019herbes r\u00e9sistantes, de feutre v\u00e9g\u00e9tal et de broussailles. \u00c9galement pour la taille de haies \u00e9pineuses. \u00c0 utiliser uniquement avec le capot de protection appropri\u00e9.<br \/>\n795711043858  <\/p>\n","protected":false},"excerpt":{"rendered":"<p>Couteau \u00e0 taillis, 250 mm<\/p>\n","protected":false},"featured_media":430003,"template":"","meta":{"_seopress_robots_primary_cat":"none","_seopress_titles_title":"","_seopress_titles_desc":"","_seopress_robots_index":""},"product_brand":[3366],"product_cat":[29,515,270],"product_tag":[3265],"class_list":{"0":"post-464559","1":"product","2":"type-product","3":"status-publish","4":"has-post-thumbnail","6":"product_brand-stihl","7":"product_cat-macchinari","8":"product_cat-accessori-e-materiale-di-consumo-altri-dispositivi","9":"product_cat-decespugliatori-e-tagliabordi","10":"product_tag-import-stihl","11":"sws-gruppo-macchinari-fr","12":"sws-conto-ricavi-merci-rivendita-macchinari-fr","13":"sws-gruppo-iva-iva81-fr","15":"first","16":"onbackorder","17":"purchasable","18":"product-type-simple"},"_links":{"self":[{"href":"https:\/\/lucacastelli.com\/fr\/wp-json\/wp\/v2\/product\/464559","targetHints":{"allow":["GET"]}}],"collection":[{"href":"https:\/\/lucacastelli.com\/fr\/wp-json\/wp\/v2\/product"}],"about":[{"href":"https:\/\/lucacastelli.com\/fr\/wp-json\/wp\/v2\/types\/product"}],"wp:featuredmedia":[{"embeddable":true,"href":"https:\/\/lucacastelli.com\/fr\/wp-json\/wp\/v2\/media\/430003"}],"wp:attachment":[{"href":"https:\/\/lucacastelli.com\/fr\/wp-json\/wp\/v2\/media?parent=464559"}],"wp:term":[{"taxonomy":"product_brand","embeddable":true,"href":"https:\/\/lucacastelli.com\/fr\/wp-json\/wp\/v2\/product_brand?post=464559"},{"taxonomy":"product_cat","embeddable":true,"href":"https:\/\/lucacastelli.com\/fr\/wp-json\/wp\/v2\/product_cat?post=464559"},{"taxonomy":"product_tag","embeddable":true,"href":"https:\/\/lucacastelli.com\/fr\/wp-json\/wp\/v2\/product_tag?post=464559"}],"curies":[{"name":"wp","href":"https:\/\/api.w.org\/{rel}","templated":true}]}}