{"id":464553,"date":"2025-06-01T00:32:59","date_gmt":"2025-05-31T22:32:59","guid":{"rendered":"https:\/\/lucacastelli.com\/prodotto\/dents-de-scie-circulaire-225mm\/"},"modified":"2025-06-28T20:11:58","modified_gmt":"2025-06-28T18:11:58","slug":"dents-de-scie-circulaire-225mm","status":"publish","type":"product","link":"https:\/\/lucacastelli.com\/fr\/produit\/dents-de-scie-circulaire-225mm\/","title":{"rendered":"STIHL Dents de scie circulaire, 225mm"},"content":{"rendered":"<p>Outil en acier sp\u00e9cial pour les arbustes ligneux et les jeunes b\u00fbches. Convient aux d\u00e9broussailleuses \u00e0 partir d\u2019une puissance moyenne.<br \/>\n795711043827 <\/p>\n","protected":false},"excerpt":{"rendered":"<p>Dents de scie circulaire, 225mm<\/p>\n","protected":false},"featured_media":423401,"template":"","meta":{"_seopress_robots_primary_cat":"","_seopress_titles_title":"","_seopress_titles_desc":"","_seopress_robots_index":""},"product_brand":[3366],"product_cat":[29,515,270],"product_tag":[3265],"class_list":{"0":"post-464553","1":"product","2":"type-product","3":"status-publish","4":"has-post-thumbnail","6":"product_brand-stihl","7":"product_cat-macchinari","8":"product_cat-accessori-e-materiale-di-consumo-altri-dispositivi","9":"product_cat-decespugliatori-e-tagliabordi","10":"product_tag-import-stihl","11":"sws-gruppo-macchinari-fr","12":"sws-conto-ricavi-merci-rivendita-macchinari-fr","13":"sws-gruppo-iva-iva81-fr","15":"first","16":"onbackorder","17":"purchasable","18":"product-type-simple"},"_links":{"self":[{"href":"https:\/\/lucacastelli.com\/fr\/wp-json\/wp\/v2\/product\/464553","targetHints":{"allow":["GET"]}}],"collection":[{"href":"https:\/\/lucacastelli.com\/fr\/wp-json\/wp\/v2\/product"}],"about":[{"href":"https:\/\/lucacastelli.com\/fr\/wp-json\/wp\/v2\/types\/product"}],"wp:featuredmedia":[{"embeddable":true,"href":"https:\/\/lucacastelli.com\/fr\/wp-json\/wp\/v2\/media\/423401"}],"wp:attachment":[{"href":"https:\/\/lucacastelli.com\/fr\/wp-json\/wp\/v2\/media?parent=464553"}],"wp:term":[{"taxonomy":"product_brand","embeddable":true,"href":"https:\/\/lucacastelli.com\/fr\/wp-json\/wp\/v2\/product_brand?post=464553"},{"taxonomy":"product_cat","embeddable":true,"href":"https:\/\/lucacastelli.com\/fr\/wp-json\/wp\/v2\/product_cat?post=464553"},{"taxonomy":"product_tag","embeddable":true,"href":"https:\/\/lucacastelli.com\/fr\/wp-json\/wp\/v2\/product_tag?post=464553"}],"curies":[{"name":"wp","href":"https:\/\/api.w.org\/{rel}","templated":true}]}}