{"id":464545,"date":"2025-06-01T00:32:43","date_gmt":"2025-05-31T22:32:43","guid":{"rendered":"https:\/\/lucacastelli.com\/prodotto\/autocut-c-3-2-20-mm\/"},"modified":"2026-03-09T00:37:10","modified_gmt":"2026-03-08T23:37:10","slug":"autocut-c-3-2-20-mm","status":"publish","type":"product","link":"https:\/\/lucacastelli.com\/fr\/produit\/autocut-c-3-2-20-mm\/","title":{"rendered":"STIHL AutoCut C 3-2, 2,0 mm"},"content":{"rendered":"<p>pT\u00eate faucheuse \u00e0 2 lames en plastique. Id\u00e9ale pour faucher et nettoyer les bordures de pelouse, le long des arbres ou des murs. Les couteaux peuvent \u00eatre remplac\u00e9s rapidement et sans outils.nbsp;\/p<br \/>\n886661895717  <\/p>\n","protected":false},"excerpt":{"rendered":"<p>AutoCut C 3-2, 2,0 mm<\/p>\n","protected":false},"featured_media":430219,"template":"","meta":{"_seopress_robots_primary_cat":"none","_seopress_titles_title":"","_seopress_titles_desc":"","_seopress_robots_index":""},"product_brand":[3555],"product_cat":[1456,1586,167],"product_tag":[3267],"class_list":{"0":"post-464545","1":"product","2":"type-product","3":"status-publish","4":"has-post-thumbnail","6":"product_brand-stihl-fr","7":"product_cat-accessoires-et-consommables-fr","8":"product_cat-debroussailleuses-et-coupe-bordures","9":"product_cat-machines","10":"product_tag-import-stihl-fr","11":"sws-gruppo-macchinari-fr","12":"sws-conto-ricavi-merci-rivendita-macchinari-fr","13":"sws-gruppo-iva-iva81-fr","15":"first","16":"onbackorder","17":"purchasable","18":"product-type-simple"},"_links":{"self":[{"href":"https:\/\/lucacastelli.com\/fr\/wp-json\/wp\/v2\/product\/464545","targetHints":{"allow":["GET"]}}],"collection":[{"href":"https:\/\/lucacastelli.com\/fr\/wp-json\/wp\/v2\/product"}],"about":[{"href":"https:\/\/lucacastelli.com\/fr\/wp-json\/wp\/v2\/types\/product"}],"wp:featuredmedia":[{"embeddable":true,"href":"https:\/\/lucacastelli.com\/fr\/wp-json\/wp\/v2\/media\/430219"}],"wp:attachment":[{"href":"https:\/\/lucacastelli.com\/fr\/wp-json\/wp\/v2\/media?parent=464545"}],"wp:term":[{"taxonomy":"product_brand","embeddable":true,"href":"https:\/\/lucacastelli.com\/fr\/wp-json\/wp\/v2\/product_brand?post=464545"},{"taxonomy":"product_cat","embeddable":true,"href":"https:\/\/lucacastelli.com\/fr\/wp-json\/wp\/v2\/product_cat?post=464545"},{"taxonomy":"product_tag","embeddable":true,"href":"https:\/\/lucacastelli.com\/fr\/wp-json\/wp\/v2\/product_tag?post=464545"}],"curies":[{"name":"wp","href":"https:\/\/api.w.org\/{rel}","templated":true}]}}