{"id":464529,"date":"2025-06-01T00:31:52","date_gmt":"2025-05-31T22:31:52","guid":{"rendered":"https:\/\/lucacastelli.com\/prodotto\/tete-de-coupe-polycut-2-2\/"},"modified":"2026-03-09T00:37:10","modified_gmt":"2026-03-08T23:37:10","slug":"tete-de-coupe-polycut-2-2","status":"publish","type":"product","link":"https:\/\/lucacastelli.com\/fr\/produit\/tete-de-coupe-polycut-2-2\/","title":{"rendered":"STIHL T\u00eate faucheuse PolyCut 2-2"},"content":{"rendered":"<p>pT\u00eate \u00e0 deux lames en plastique. Id\u00e9ale pour la coupe d\u2019herbe de hauteur moyenne et pour l\u2019entretien des bordures.\/p<br \/>\n886661367214<\/p>\n","protected":false},"excerpt":{"rendered":"<p>T\u00eate faucheuse PolyCut 2-2<\/p>\n","protected":false},"featured_media":430187,"template":"","meta":{"_seopress_robots_primary_cat":"none","_seopress_titles_title":"","_seopress_titles_desc":"","_seopress_robots_index":""},"product_brand":[3554],"product_cat":[169,1455,1581],"product_tag":[3266],"class_list":{"0":"post-464529","1":"product","2":"type-product","3":"status-publish","4":"has-post-thumbnail","6":"product_brand-stihl-de","7":"product_cat-maschinen","8":"product_cat-zubehor-und-verbrauchsmaterial-de","9":"product_cat-freischneider-und-trimmer","10":"product_tag-import-stihl-de","11":"sws-gruppo-macchinari-fr","12":"sws-conto-ricavi-merci-rivendita-macchinari-fr","13":"sws-gruppo-iva-iva81-fr","15":"first","16":"onbackorder","17":"purchasable","18":"product-type-simple"},"_links":{"self":[{"href":"https:\/\/lucacastelli.com\/fr\/wp-json\/wp\/v2\/product\/464529","targetHints":{"allow":["GET"]}}],"collection":[{"href":"https:\/\/lucacastelli.com\/fr\/wp-json\/wp\/v2\/product"}],"about":[{"href":"https:\/\/lucacastelli.com\/fr\/wp-json\/wp\/v2\/types\/product"}],"wp:featuredmedia":[{"embeddable":true,"href":"https:\/\/lucacastelli.com\/fr\/wp-json\/wp\/v2\/media\/430187"}],"wp:attachment":[{"href":"https:\/\/lucacastelli.com\/fr\/wp-json\/wp\/v2\/media?parent=464529"}],"wp:term":[{"taxonomy":"product_brand","embeddable":true,"href":"https:\/\/lucacastelli.com\/fr\/wp-json\/wp\/v2\/product_brand?post=464529"},{"taxonomy":"product_cat","embeddable":true,"href":"https:\/\/lucacastelli.com\/fr\/wp-json\/wp\/v2\/product_cat?post=464529"},{"taxonomy":"product_tag","embeddable":true,"href":"https:\/\/lucacastelli.com\/fr\/wp-json\/wp\/v2\/product_tag?post=464529"}],"curies":[{"name":"wp","href":"https:\/\/api.w.org\/{rel}","templated":true}]}}