{"id":464500,"date":"2025-06-01T00:30:29","date_gmt":"2025-05-31T22:30:29","guid":{"rendered":"https:\/\/lucacastelli.com\/prodotto\/tete-de-coupe-polycut-48-2\/"},"modified":"2026-03-09T00:37:12","modified_gmt":"2026-03-08T23:37:12","slug":"tete-de-coupe-polycut-48-2","status":"publish","type":"product","link":"https:\/\/lucacastelli.com\/fr\/produit\/tete-de-coupe-polycut-48-2\/","title":{"rendered":"STIHL T\u00eate de coupe PolyCut 48-2"},"content":{"rendered":"<p>pPour r\u00e9duire le bruit et augmenter consid\u00e9rablement l&#8217;efficacit\u00e9 \u00e9nerg\u00e9tique lors de la coupe d&#8217;herbe \u00e9paisse avec la d\u00e9broussailleuse, la t\u00eate de coupe PolyCut 48-2 est \u00e9quip\u00e9e de 2 lames en plastique robustes \u00e0 la place du fil de coupe. Cela vous permet de travailler beaucoup plus longtemps avec votre d\u00e9broussailleuse \u00e0 batterie pour chaque charge de batterie. Avec les d\u00e9broussailleuses thermiques, l&#8217;utilisation de lames en plastique entra\u00eene une consommation de carburant inf\u00e9rieure par rapport \u00e0 la coupe avec fil de coupe.br \/br \/La livraison comprend \u00e9galement 6 lames en plastique de rechange. En option, il est possible d&#8217;\u00e9quiper la STIHL PolyCut 48-2 avec un fil de coupe d&#8217;un diam\u00e8tre de 2,4 mm ou 2,7 mm. Cela est particuli\u00e8rement utile lors du travail le long de bordures ou d&#8217;autres obstacles. Vous pouvez remplacer facilement les lames en plastique STIHL. Apr\u00e8s avoir bloqu\u00e9 l&#8217;arbre \u00e0 l&#8217;aide de la cl\u00e9 fournie avec la d\u00e9broussailleuse, vous pouvez d\u00e9visser la t\u00eate de coupe et remplacer les lames de la d\u00e9broussailleuse. Pour r\u00e9duire l&#8217;usure et augmenter la hauteur de coupe, la STIHL PolyCut 48-2 est \u00e9quip\u00e9e de s\u00e9rie d&#8217;une plaque de protection.\/p<br \/>\n886661537853<\/p>\n","protected":false},"excerpt":{"rendered":"<p>T\u00eate de coupe PolyCut 48-2<\/p>\n","protected":false},"featured_media":430121,"template":"","meta":{"_seopress_robots_primary_cat":"none","_seopress_titles_title":"","_seopress_titles_desc":"","_seopress_robots_index":""},"product_brand":[3366],"product_cat":[29,515,270],"product_tag":[3265],"class_list":{"0":"post-464500","1":"product","2":"type-product","3":"status-publish","4":"has-post-thumbnail","6":"product_brand-stihl","7":"product_cat-macchinari","8":"product_cat-accessori-e-materiale-di-consumo-altri-dispositivi","9":"product_cat-decespugliatori-e-tagliabordi","10":"product_tag-import-stihl","11":"sws-gruppo-macchinari-fr","12":"sws-conto-ricavi-merci-rivendita-macchinari-fr","13":"sws-gruppo-iva-iva81-fr","15":"first","16":"onbackorder","17":"purchasable","18":"product-type-simple"},"_links":{"self":[{"href":"https:\/\/lucacastelli.com\/fr\/wp-json\/wp\/v2\/product\/464500","targetHints":{"allow":["GET"]}}],"collection":[{"href":"https:\/\/lucacastelli.com\/fr\/wp-json\/wp\/v2\/product"}],"about":[{"href":"https:\/\/lucacastelli.com\/fr\/wp-json\/wp\/v2\/types\/product"}],"wp:featuredmedia":[{"embeddable":true,"href":"https:\/\/lucacastelli.com\/fr\/wp-json\/wp\/v2\/media\/430121"}],"wp:attachment":[{"href":"https:\/\/lucacastelli.com\/fr\/wp-json\/wp\/v2\/media?parent=464500"}],"wp:term":[{"taxonomy":"product_brand","embeddable":true,"href":"https:\/\/lucacastelli.com\/fr\/wp-json\/wp\/v2\/product_brand?post=464500"},{"taxonomy":"product_cat","embeddable":true,"href":"https:\/\/lucacastelli.com\/fr\/wp-json\/wp\/v2\/product_cat?post=464500"},{"taxonomy":"product_tag","embeddable":true,"href":"https:\/\/lucacastelli.com\/fr\/wp-json\/wp\/v2\/product_tag?post=464500"}],"curies":[{"name":"wp","href":"https:\/\/api.w.org\/{rel}","templated":true}]}}