{"id":464495,"date":"2025-06-01T00:30:40","date_gmt":"2025-05-31T22:30:40","guid":{"rendered":"https:\/\/lucacastelli.com\/prodotto\/supercut-40-2\/"},"modified":"2026-03-09T00:37:12","modified_gmt":"2026-03-08T23:37:12","slug":"supercut-40-2","status":"publish","type":"product","link":"https:\/\/lucacastelli.com\/fr\/produit\/supercut-40-2\/","title":{"rendered":"STIHL SuperCut 40-2"},"content":{"rendered":"<p>pT\u00eate enti\u00e8rement automatique pour le nettoyage pr\u00e8s d&#8217;obstacles tels que murs, escaliers, bordures de massifs, etc. \u00c0 utiliser uniquement avec protection sp\u00e9ciale pour lame ou universelle.\/p<br \/>\n795711043681<\/p>\n","protected":false},"excerpt":{"rendered":"<p>SuperCut 40-2<\/p>\n","protected":false},"featured_media":430126,"template":"","meta":{"_seopress_robots_primary_cat":"none","_seopress_titles_title":"","_seopress_titles_desc":"","_seopress_robots_index":""},"product_brand":[3366],"product_cat":[29,515,270],"product_tag":[3265],"class_list":{"0":"post-464495","1":"product","2":"type-product","3":"status-publish","4":"has-post-thumbnail","6":"product_brand-stihl","7":"product_cat-macchinari","8":"product_cat-accessori-e-materiale-di-consumo-altri-dispositivi","9":"product_cat-decespugliatori-e-tagliabordi","10":"product_tag-import-stihl","11":"sws-gruppo-macchinari-fr","12":"sws-conto-ricavi-merci-rivendita-macchinari-fr","13":"sws-gruppo-iva-iva81-fr","15":"first","16":"onbackorder","17":"purchasable","18":"product-type-simple"},"_links":{"self":[{"href":"https:\/\/lucacastelli.com\/fr\/wp-json\/wp\/v2\/product\/464495","targetHints":{"allow":["GET"]}}],"collection":[{"href":"https:\/\/lucacastelli.com\/fr\/wp-json\/wp\/v2\/product"}],"about":[{"href":"https:\/\/lucacastelli.com\/fr\/wp-json\/wp\/v2\/types\/product"}],"wp:featuredmedia":[{"embeddable":true,"href":"https:\/\/lucacastelli.com\/fr\/wp-json\/wp\/v2\/media\/430126"}],"wp:attachment":[{"href":"https:\/\/lucacastelli.com\/fr\/wp-json\/wp\/v2\/media?parent=464495"}],"wp:term":[{"taxonomy":"product_brand","embeddable":true,"href":"https:\/\/lucacastelli.com\/fr\/wp-json\/wp\/v2\/product_brand?post=464495"},{"taxonomy":"product_cat","embeddable":true,"href":"https:\/\/lucacastelli.com\/fr\/wp-json\/wp\/v2\/product_cat?post=464495"},{"taxonomy":"product_tag","embeddable":true,"href":"https:\/\/lucacastelli.com\/fr\/wp-json\/wp\/v2\/product_tag?post=464495"}],"curies":[{"name":"wp","href":"https:\/\/api.w.org\/{rel}","templated":true}]}}