{"id":464485,"date":"2025-06-01T00:29:34","date_gmt":"2025-05-31T22:29:34","guid":{"rendered":"https:\/\/lucacastelli.com\/prodotto\/tete-de-coupe-polycut-28-2\/"},"modified":"2026-03-09T00:37:11","modified_gmt":"2026-03-08T23:37:11","slug":"tete-de-coupe-polycut-28-2","status":"publish","type":"product","link":"https:\/\/lucacastelli.com\/fr\/produit\/tete-de-coupe-polycut-28-2\/","title":{"rendered":"T\u00eate faucheuse STIHL PolyCut 28-2"},"content":{"rendered":"<p>pOutil de coupe polyvalent pour le fauchage d\u2019herbe dense. T\u00eate faucheuse avec 2 lames mobiles en plastique. Particuli\u00e8rement \u00e9conome en \u00e9nergie gr\u00e2ce \u00e0 la forme des lames robustes en plastique. La t\u00eate faucheuse peut \u00e9galement \u00eatre \u00e9quip\u00e9e d\u2019un fil de coupe en option. Travail plus rapide gr\u00e2ce au large diam\u00e8tre de coupe de 365 mm.\/p<br \/>\n886661538034<\/p>\n","protected":false},"excerpt":{"rendered":"<p>T\u00eate faucheuse PolyCut 28-2<\/p>\n","protected":false},"featured_media":430099,"template":"","meta":{"_seopress_robots_primary_cat":"none","_seopress_titles_title":"","_seopress_titles_desc":"","_seopress_robots_index":""},"product_brand":[3366],"product_cat":[29,515,270],"product_tag":[3265],"class_list":{"0":"post-464485","1":"product","2":"type-product","3":"status-publish","4":"has-post-thumbnail","6":"product_brand-stihl","7":"product_cat-macchinari","8":"product_cat-accessori-e-materiale-di-consumo-altri-dispositivi","9":"product_cat-decespugliatori-e-tagliabordi","10":"product_tag-import-stihl","11":"sws-gruppo-macchinari-fr","12":"sws-conto-ricavi-merci-rivendita-macchinari-fr","13":"sws-gruppo-iva-iva81-fr","15":"first","16":"onbackorder","17":"purchasable","18":"product-type-simple"},"_links":{"self":[{"href":"https:\/\/lucacastelli.com\/fr\/wp-json\/wp\/v2\/product\/464485","targetHints":{"allow":["GET"]}}],"collection":[{"href":"https:\/\/lucacastelli.com\/fr\/wp-json\/wp\/v2\/product"}],"about":[{"href":"https:\/\/lucacastelli.com\/fr\/wp-json\/wp\/v2\/types\/product"}],"wp:featuredmedia":[{"embeddable":true,"href":"https:\/\/lucacastelli.com\/fr\/wp-json\/wp\/v2\/media\/430099"}],"wp:attachment":[{"href":"https:\/\/lucacastelli.com\/fr\/wp-json\/wp\/v2\/media?parent=464485"}],"wp:term":[{"taxonomy":"product_brand","embeddable":true,"href":"https:\/\/lucacastelli.com\/fr\/wp-json\/wp\/v2\/product_brand?post=464485"},{"taxonomy":"product_cat","embeddable":true,"href":"https:\/\/lucacastelli.com\/fr\/wp-json\/wp\/v2\/product_cat?post=464485"},{"taxonomy":"product_tag","embeddable":true,"href":"https:\/\/lucacastelli.com\/fr\/wp-json\/wp\/v2\/product_tag?post=464485"}],"curies":[{"name":"wp","href":"https:\/\/api.w.org\/{rel}","templated":true}]}}