{"id":464482,"date":"2025-06-01T00:29:53","date_gmt":"2025-05-31T22:29:53","guid":{"rendered":"https:\/\/lucacastelli.com\/prodotto\/coupe-automatique-27-2\/"},"modified":"2026-03-09T00:37:11","modified_gmt":"2026-03-08T23:37:11","slug":"coupe-automatique-27-2","status":"publish","type":"product","link":"https:\/\/lucacastelli.com\/fr\/produit\/coupe-automatique-27-2\/","title":{"rendered":"STIHL AutoCut 27-2"},"content":{"rendered":"<p>pLa t\u00eate AutoCut 27-2 est la t\u00eate de coupe id\u00e9ale pour les utilisateurs de coupe-bordures \u00e0 batterie qui recherchent avant tout un poids r\u00e9duit et un grand confort de travail. Avec ses 332 g, elle est particuli\u00e8rement l\u00e9g\u00e8re et permet ainsi un bon \u00e9quilibre de l&#8217;appareil et une grande maniabilit\u00e9. De plus, l&#8217;AutoCut 27-2 convainc par sa facilit\u00e9 d&#8217;utilisation. Facile \u00e0 ouvrir m\u00eame avec des gants et la bobine de fil de coupe peut \u00eatre retir\u00e9e confortablement.nbsp;\/ppLors de travaux fr\u00e9quents sur des surfaces rugueuses, comme l&#8217;asphalte par exemple, il est recommand\u00e9 de remplacer la bobine standard de l&#8217;AutoCut 27-2 par une bobine beaucoup plus robuste avec protection m\u00e9tallique. L&#8217;\u00e9l\u00e9ment m\u00e9tallique r\u00e9duit l&#8217;usure de la bobine et augmente ainsi consid\u00e9rablement sa dur\u00e9e de vie.\/p<br \/>\n886661600113<\/p>\n","protected":false},"excerpt":{"rendered":"<p>AutoCut 27-2<\/p>\n","protected":false},"featured_media":430103,"template":"","meta":{"_seopress_robots_primary_cat":"none","_seopress_titles_title":"","_seopress_titles_desc":"","_seopress_robots_index":""},"product_brand":[3366],"product_cat":[29,515,270],"product_tag":[3265],"class_list":{"0":"post-464482","1":"product","2":"type-product","3":"status-publish","4":"has-post-thumbnail","6":"product_brand-stihl","7":"product_cat-macchinari","8":"product_cat-accessori-e-materiale-di-consumo-altri-dispositivi","9":"product_cat-decespugliatori-e-tagliabordi","10":"product_tag-import-stihl","11":"sws-gruppo-macchinari-fr","12":"sws-conto-ricavi-merci-rivendita-macchinari-fr","13":"sws-gruppo-iva-iva81-fr","15":"first","16":"onbackorder","17":"purchasable","18":"product-type-simple"},"_links":{"self":[{"href":"https:\/\/lucacastelli.com\/fr\/wp-json\/wp\/v2\/product\/464482","targetHints":{"allow":["GET"]}}],"collection":[{"href":"https:\/\/lucacastelli.com\/fr\/wp-json\/wp\/v2\/product"}],"about":[{"href":"https:\/\/lucacastelli.com\/fr\/wp-json\/wp\/v2\/types\/product"}],"wp:featuredmedia":[{"embeddable":true,"href":"https:\/\/lucacastelli.com\/fr\/wp-json\/wp\/v2\/media\/430103"}],"wp:attachment":[{"href":"https:\/\/lucacastelli.com\/fr\/wp-json\/wp\/v2\/media?parent=464482"}],"wp:term":[{"taxonomy":"product_brand","embeddable":true,"href":"https:\/\/lucacastelli.com\/fr\/wp-json\/wp\/v2\/product_brand?post=464482"},{"taxonomy":"product_cat","embeddable":true,"href":"https:\/\/lucacastelli.com\/fr\/wp-json\/wp\/v2\/product_cat?post=464482"},{"taxonomy":"product_tag","embeddable":true,"href":"https:\/\/lucacastelli.com\/fr\/wp-json\/wp\/v2\/product_tag?post=464482"}],"curies":[{"name":"wp","href":"https:\/\/api.w.org\/{rel}","templated":true}]}}