{"id":464480,"date":"2025-06-01T00:29:24","date_gmt":"2025-05-31T22:29:24","guid":{"rendered":"https:\/\/lucacastelli.com\/prodotto\/trimcut-c-32-2-o-24-mm\/"},"modified":"2025-06-28T20:09:07","modified_gmt":"2025-06-28T18:09:07","slug":"trimcut-c-32-2-o-24-mm","status":"publish","type":"product","link":"https:\/\/lucacastelli.com\/fr\/produit\/trimcut-c-32-2-o-24-mm\/","title":{"rendered":"STIHL TrimCut C 32-2, \u00d8 2,4 mm"},"content":{"rendered":"<p>T\u00eate de tonte robuste \u00e0 deux fils pour les travaux de tonte et de nettoyage. Facile \u00e0 utiliser gr\u00e2ce au meilleur positionnement des points d\u2019ouverture. R\u00e9duction des vibrations gr\u00e2ce \u00e0 un meilleur \u00e9quilibre.\/p<br \/>\n886661948833<\/p>\n","protected":false},"excerpt":{"rendered":"<p>TrimCut C 32-2, \u00d8 2,4 mm<\/p>\n","protected":false},"featured_media":430090,"template":"","meta":{"_seopress_robots_primary_cat":"","_seopress_titles_title":"","_seopress_titles_desc":"","_seopress_robots_index":""},"product_brand":[3555],"product_cat":[167,1456,1586],"product_tag":[3267],"class_list":{"0":"post-464480","1":"product","2":"type-product","3":"status-publish","4":"has-post-thumbnail","6":"product_brand-stihl-fr","7":"product_cat-machines","8":"product_cat-accessoires-et-consommables-fr","9":"product_cat-debroussailleuses-et-coupe-bordures","10":"product_tag-import-stihl-fr","11":"sws-gruppo-macchinari-fr","12":"sws-conto-ricavi-merci-rivendita-macchinari-fr","13":"sws-gruppo-iva-iva81-fr","15":"first","16":"onbackorder","17":"purchasable","18":"product-type-simple"},"_links":{"self":[{"href":"https:\/\/lucacastelli.com\/fr\/wp-json\/wp\/v2\/product\/464480","targetHints":{"allow":["GET"]}}],"collection":[{"href":"https:\/\/lucacastelli.com\/fr\/wp-json\/wp\/v2\/product"}],"about":[{"href":"https:\/\/lucacastelli.com\/fr\/wp-json\/wp\/v2\/types\/product"}],"wp:featuredmedia":[{"embeddable":true,"href":"https:\/\/lucacastelli.com\/fr\/wp-json\/wp\/v2\/media\/430090"}],"wp:attachment":[{"href":"https:\/\/lucacastelli.com\/fr\/wp-json\/wp\/v2\/media?parent=464480"}],"wp:term":[{"taxonomy":"product_brand","embeddable":true,"href":"https:\/\/lucacastelli.com\/fr\/wp-json\/wp\/v2\/product_brand?post=464480"},{"taxonomy":"product_cat","embeddable":true,"href":"https:\/\/lucacastelli.com\/fr\/wp-json\/wp\/v2\/product_cat?post=464480"},{"taxonomy":"product_tag","embeddable":true,"href":"https:\/\/lucacastelli.com\/fr\/wp-json\/wp\/v2\/product_tag?post=464480"}],"curies":[{"name":"wp","href":"https:\/\/api.w.org\/{rel}","templated":true}]}}