{"id":464473,"date":"2025-06-01T00:29:17","date_gmt":"2025-05-31T22:29:17","guid":{"rendered":"https:\/\/lucacastelli.com\/prodotto\/durocut-20-2\/"},"modified":"2026-03-09T00:37:11","modified_gmt":"2026-03-08T23:37:11","slug":"durocut-20-2","status":"publish","type":"product","link":"https:\/\/lucacastelli.com\/fr\/produit\/durocut-20-2\/","title":{"rendered":"STIHL DuroCut 20-2"},"content":{"rendered":"<p>\u00c0 deux ou quatre fils, pour faucher des surfaces ou pour des travaux de nettoyage. Il suffit d&#8217;ins\u00e9rer jusqu&#8217;\u00e0 quatre fils. Compatible avec de nombreuses \u00e9paisseurs et formes de fil diff\u00e9rentes.<br \/>\n886661537150  <\/p>\n","protected":false},"excerpt":{"rendered":"<p>DuroCut 20-2<\/p>\n","protected":false},"featured_media":430081,"template":"","meta":{"_seopress_robots_primary_cat":"none","_seopress_titles_title":"","_seopress_titles_desc":"","_seopress_robots_index":""},"product_brand":[3555],"product_cat":[1456,1586,167],"product_tag":[3267],"class_list":{"0":"post-464473","1":"product","2":"type-product","3":"status-publish","4":"has-post-thumbnail","6":"product_brand-stihl-fr","7":"product_cat-accessoires-et-consommables-fr","8":"product_cat-debroussailleuses-et-coupe-bordures","9":"product_cat-machines","10":"product_tag-import-stihl-fr","11":"sws-gruppo-macchinari-fr","12":"sws-conto-ricavi-merci-rivendita-macchinari-fr","13":"sws-gruppo-iva-iva81-fr","15":"first","16":"onbackorder","17":"purchasable","18":"product-type-simple"},"_links":{"self":[{"href":"https:\/\/lucacastelli.com\/fr\/wp-json\/wp\/v2\/product\/464473","targetHints":{"allow":["GET"]}}],"collection":[{"href":"https:\/\/lucacastelli.com\/fr\/wp-json\/wp\/v2\/product"}],"about":[{"href":"https:\/\/lucacastelli.com\/fr\/wp-json\/wp\/v2\/types\/product"}],"wp:featuredmedia":[{"embeddable":true,"href":"https:\/\/lucacastelli.com\/fr\/wp-json\/wp\/v2\/media\/430081"}],"wp:attachment":[{"href":"https:\/\/lucacastelli.com\/fr\/wp-json\/wp\/v2\/media?parent=464473"}],"wp:term":[{"taxonomy":"product_brand","embeddable":true,"href":"https:\/\/lucacastelli.com\/fr\/wp-json\/wp\/v2\/product_brand?post=464473"},{"taxonomy":"product_cat","embeddable":true,"href":"https:\/\/lucacastelli.com\/fr\/wp-json\/wp\/v2\/product_cat?post=464473"},{"taxonomy":"product_tag","embeddable":true,"href":"https:\/\/lucacastelli.com\/fr\/wp-json\/wp\/v2\/product_tag?post=464473"}],"curies":[{"name":"wp","href":"https:\/\/api.w.org\/{rel}","templated":true}]}}