{"id":464466,"date":"2025-06-01T00:28:50","date_gmt":"2025-05-31T22:28:50","guid":{"rendered":"https:\/\/lucacastelli.com\/prodotto\/supercut-20-2\/"},"modified":"2026-03-09T00:37:12","modified_gmt":"2026-03-08T23:37:12","slug":"supercut-20-2","status":"publish","type":"product","link":"https:\/\/lucacastelli.com\/fr\/produit\/supercut-20-2\/","title":{"rendered":"STIHL SuperCut 20-2"},"content":{"rendered":"<p>\u00c0 2 fils, pour fauchage et \u00e9claircissage. R\u00e9glage automatique du fil \u00e0 la longueur de coupe optimale.<br \/>\n795711043544 <\/p>\n","protected":false},"excerpt":{"rendered":"<p>SuperCut 20-2<\/p>\n","protected":false},"featured_media":430068,"template":"","meta":{"_seopress_robots_primary_cat":"none","_seopress_titles_title":"","_seopress_titles_desc":"","_seopress_robots_index":""},"product_brand":[3555],"product_cat":[167,1456,1586],"product_tag":[3267],"class_list":{"0":"post-464466","1":"product","2":"type-product","3":"status-publish","4":"has-post-thumbnail","6":"product_brand-stihl-fr","7":"product_cat-machines","8":"product_cat-accessoires-et-consommables-fr","9":"product_cat-debroussailleuses-et-coupe-bordures","10":"product_tag-import-stihl-fr","11":"sws-gruppo-macchinari-fr","12":"sws-conto-ricavi-merci-rivendita-macchinari-fr","13":"sws-gruppo-iva-iva81-fr","15":"first","16":"onbackorder","17":"purchasable","18":"product-type-simple"},"_links":{"self":[{"href":"https:\/\/lucacastelli.com\/fr\/wp-json\/wp\/v2\/product\/464466","targetHints":{"allow":["GET"]}}],"collection":[{"href":"https:\/\/lucacastelli.com\/fr\/wp-json\/wp\/v2\/product"}],"about":[{"href":"https:\/\/lucacastelli.com\/fr\/wp-json\/wp\/v2\/types\/product"}],"wp:featuredmedia":[{"embeddable":true,"href":"https:\/\/lucacastelli.com\/fr\/wp-json\/wp\/v2\/media\/430068"}],"wp:attachment":[{"href":"https:\/\/lucacastelli.com\/fr\/wp-json\/wp\/v2\/media?parent=464466"}],"wp:term":[{"taxonomy":"product_brand","embeddable":true,"href":"https:\/\/lucacastelli.com\/fr\/wp-json\/wp\/v2\/product_brand?post=464466"},{"taxonomy":"product_cat","embeddable":true,"href":"https:\/\/lucacastelli.com\/fr\/wp-json\/wp\/v2\/product_cat?post=464466"},{"taxonomy":"product_tag","embeddable":true,"href":"https:\/\/lucacastelli.com\/fr\/wp-json\/wp\/v2\/product_tag?post=464466"}],"curies":[{"name":"wp","href":"https:\/\/api.w.org\/{rel}","templated":true}]}}