{"id":464454,"date":"2025-06-01T00:38:32","date_gmt":"2025-05-31T22:38:32","guid":{"rendered":"https:\/\/lucacastelli.com\/prodotto\/fs-131\/"},"modified":"2025-06-28T19:10:29","modified_gmt":"2025-06-28T17:10:29","slug":"fs-131","status":"publish","type":"product","link":"https:\/\/lucacastelli.com\/fr\/produit\/fs-131\/","title":{"rendered":"STIHL FS 131"},"content":{"rendered":"<p>D\u00e9broussailleuse extr\u00eamement puissante pour tondre les surfaces avec de l\u2019herbe dure. Proc\u00e9dure de d\u00e9marrage facile pour un d\u00e9marrage plus facile, poign\u00e9e de guidon, levier de commande avec bouton d\u2019arr\u00eat, moteur 4-MIX\u00ae avec une capacit\u00e9 de r\u00e9servoir plus grande pour des temps de fonctionnement plus longs, arbre de transmission rigide, double bandouli\u00e8re.<br \/>\n886661367825 <\/p>\n<p>Cylindr\u00e9e 36.3<br \/>\nPuissance Puissance<\/p>\n<p>Puissance Puissance Puissance<br \/>\n1,90<br \/>\nCO2 836<\/p>\n","protected":false},"excerpt":{"rendered":"<p>FS 131<\/p>\n","protected":false},"featured_media":430482,"template":"","meta":{"_seopress_robots_primary_cat":"","_seopress_titles_title":"","_seopress_titles_desc":"","_seopress_robots_index":""},"product_brand":[3555],"product_cat":[167,1586,1602],"product_tag":[3267],"class_list":{"0":"post-464454","1":"product","2":"type-product","3":"status-publish","4":"has-post-thumbnail","6":"product_brand-stihl-fr","7":"product_cat-machines","8":"product_cat-debroussailleuses-et-coupe-bordures","9":"product_cat-debroussailleuses-et-coupe-bordures-a-moteur","10":"product_tag-import-stihl-fr","11":"sws-gruppo-macchinari-fr","12":"sws-conto-ricavi-merci-rivendita-macchinari-fr","13":"sws-gruppo-iva-iva81-fr","15":"first","16":"onbackorder","17":"purchasable","18":"product-type-simple"},"_links":{"self":[{"href":"https:\/\/lucacastelli.com\/fr\/wp-json\/wp\/v2\/product\/464454","targetHints":{"allow":["GET"]}}],"collection":[{"href":"https:\/\/lucacastelli.com\/fr\/wp-json\/wp\/v2\/product"}],"about":[{"href":"https:\/\/lucacastelli.com\/fr\/wp-json\/wp\/v2\/types\/product"}],"wp:featuredmedia":[{"embeddable":true,"href":"https:\/\/lucacastelli.com\/fr\/wp-json\/wp\/v2\/media\/430482"}],"wp:attachment":[{"href":"https:\/\/lucacastelli.com\/fr\/wp-json\/wp\/v2\/media?parent=464454"}],"wp:term":[{"taxonomy":"product_brand","embeddable":true,"href":"https:\/\/lucacastelli.com\/fr\/wp-json\/wp\/v2\/product_brand?post=464454"},{"taxonomy":"product_cat","embeddable":true,"href":"https:\/\/lucacastelli.com\/fr\/wp-json\/wp\/v2\/product_cat?post=464454"},{"taxonomy":"product_tag","embeddable":true,"href":"https:\/\/lucacastelli.com\/fr\/wp-json\/wp\/v2\/product_tag?post=464454"}],"curies":[{"name":"wp","href":"https:\/\/api.w.org\/{rel}","templated":true}]}}