{"id":464451,"date":"2025-06-01T00:38:35","date_gmt":"2025-05-31T22:38:35","guid":{"rendered":"https:\/\/lucacastelli.com\/prodotto\/fs-131-r\/"},"modified":"2025-09-05T07:27:10","modified_gmt":"2025-09-05T05:27:10","slug":"fs-131-r","status":"publish","type":"product","link":"https:\/\/lucacastelli.com\/fr\/produit\/fs-131-r\/","title":{"rendered":"STIHL FS 131 R"},"content":{"rendered":"<p>D\u00e9broussailleuse extr\u00eamement puissante pour tondre les surfaces avec de l\u2019herbe dure. Proc\u00e9dure de d\u00e9marrage facile pour un d\u00e9marrage plus confortable, poign\u00e9e circulaire, levier de commande avec bouton d\u2019arr\u00eat, moteur 4-MIX\u00ae avec r\u00e9servoir de plus grande capacit\u00e9 pour des dur\u00e9es de fonctionnement plus longues, arbre de transmission rigide, bandouli\u00e8re simple.<br \/>\n886661367849 <\/p>\n<p>Cylindr\u00e9e 36.3<br \/>\nPuissance Puissance<\/p>\n<p>Puissance Puissance Puissance<br \/>\n1,90<br \/>\nCO2 836<\/p>\n","protected":false},"excerpt":{"rendered":"<p>FS 131 R<\/p>\n","protected":false},"featured_media":430494,"template":"","meta":{"_seopress_robots_primary_cat":"","_seopress_titles_title":"","_seopress_titles_desc":"","_seopress_robots_index":""},"product_brand":[3555],"product_cat":[1586,1602,167],"product_tag":[3267],"class_list":{"0":"post-464451","1":"product","2":"type-product","3":"status-publish","4":"has-post-thumbnail","6":"product_brand-stihl-fr","7":"product_cat-debroussailleuses-et-coupe-bordures","8":"product_cat-debroussailleuses-et-coupe-bordures-a-moteur","9":"product_cat-machines","10":"product_tag-import-stihl-fr","11":"sws-gruppo-macchinari-fr","12":"sws-conto-ricavi-merci-rivendita-macchinari-fr","13":"sws-gruppo-iva-iva81-fr","15":"first","16":"onbackorder","17":"purchasable","18":"product-type-simple"},"_links":{"self":[{"href":"https:\/\/lucacastelli.com\/fr\/wp-json\/wp\/v2\/product\/464451","targetHints":{"allow":["GET"]}}],"collection":[{"href":"https:\/\/lucacastelli.com\/fr\/wp-json\/wp\/v2\/product"}],"about":[{"href":"https:\/\/lucacastelli.com\/fr\/wp-json\/wp\/v2\/types\/product"}],"wp:featuredmedia":[{"embeddable":true,"href":"https:\/\/lucacastelli.com\/fr\/wp-json\/wp\/v2\/media\/430494"}],"wp:attachment":[{"href":"https:\/\/lucacastelli.com\/fr\/wp-json\/wp\/v2\/media?parent=464451"}],"wp:term":[{"taxonomy":"product_brand","embeddable":true,"href":"https:\/\/lucacastelli.com\/fr\/wp-json\/wp\/v2\/product_brand?post=464451"},{"taxonomy":"product_cat","embeddable":true,"href":"https:\/\/lucacastelli.com\/fr\/wp-json\/wp\/v2\/product_cat?post=464451"},{"taxonomy":"product_tag","embeddable":true,"href":"https:\/\/lucacastelli.com\/fr\/wp-json\/wp\/v2\/product_tag?post=464451"}],"curies":[{"name":"wp","href":"https:\/\/api.w.org\/{rel}","templated":true}]}}