{"id":464441,"date":"2025-06-01T00:37:50","date_gmt":"2025-05-31T22:37:50","guid":{"rendered":"https:\/\/lucacastelli.com\/prodotto\/ciseaux-circulaires-rg\/"},"modified":"2025-06-28T19:10:52","modified_gmt":"2025-06-28T17:10:52","slug":"ciseaux-circulaires-rg","status":"publish","type":"product","link":"https:\/\/lucacastelli.com\/fr\/produit\/ciseaux-circulaires-rg\/","title":{"rendered":"STIHL Ciseaux circulaires RG"},"content":{"rendered":"<p>Outil \u00e0 appliquer sur les coupe-bordures. Pour \u00e9liminer efficacement les mauvaises herbes sur diff\u00e9rents substrats, tels que la pierre concass\u00e9e ou les surfaces \u00e9tablies.<br \/>\nIl permet de tondre les mauvaises herbes sans les propager tangentiellement, par exemple le long des routes et sur les \u00eelots de circulation. Fonctionnalit\u00e9<br \/>\ncompl\u00e8te lorsqu\u2019il est mont\u00e9 sur l\u2019outil. Coupe puissante, tendance minimale \u00e0 se boucher avec l\u2019herbe coup\u00e9e, remplacement rapide et facile de la lame. Pour FS 91, FS 94, FS 111, FS 131, FSA 130, FSA 135.<br \/>\n886661867301    <\/p>\n","protected":false},"excerpt":{"rendered":"<p>Ciseaux circulaires RG<\/p>\n","protected":false},"featured_media":430442,"template":"","meta":{"_seopress_robots_primary_cat":"","_seopress_titles_title":"","_seopress_titles_desc":"","_seopress_robots_index":""},"product_brand":[3555],"product_cat":[1390,167,1586],"product_tag":[3267],"class_list":{"0":"post-464441","1":"product","2":"type-product","3":"status-publish","4":"has-post-thumbnail","6":"product_brand-stihl-fr","7":"product_cat-accessoires-dhabillement","8":"product_cat-machines","9":"product_cat-debroussailleuses-et-coupe-bordures","10":"product_tag-import-stihl-fr","11":"sws-gruppo-macchinari-fr","12":"sws-conto-ricavi-merci-rivendita-macchinari-fr","13":"sws-gruppo-iva-iva81-fr","15":"first","16":"onbackorder","17":"purchasable","18":"product-type-simple"},"_links":{"self":[{"href":"https:\/\/lucacastelli.com\/fr\/wp-json\/wp\/v2\/product\/464441","targetHints":{"allow":["GET"]}}],"collection":[{"href":"https:\/\/lucacastelli.com\/fr\/wp-json\/wp\/v2\/product"}],"about":[{"href":"https:\/\/lucacastelli.com\/fr\/wp-json\/wp\/v2\/types\/product"}],"wp:featuredmedia":[{"embeddable":true,"href":"https:\/\/lucacastelli.com\/fr\/wp-json\/wp\/v2\/media\/430442"}],"wp:attachment":[{"href":"https:\/\/lucacastelli.com\/fr\/wp-json\/wp\/v2\/media?parent=464441"}],"wp:term":[{"taxonomy":"product_brand","embeddable":true,"href":"https:\/\/lucacastelli.com\/fr\/wp-json\/wp\/v2\/product_brand?post=464441"},{"taxonomy":"product_cat","embeddable":true,"href":"https:\/\/lucacastelli.com\/fr\/wp-json\/wp\/v2\/product_cat?post=464441"},{"taxonomy":"product_tag","embeddable":true,"href":"https:\/\/lucacastelli.com\/fr\/wp-json\/wp\/v2\/product_tag?post=464441"}],"curies":[{"name":"wp","href":"https:\/\/api.w.org\/{rel}","templated":true}]}}