{"id":464436,"date":"2025-06-01T00:36:57","date_gmt":"2025-05-31T22:36:57","guid":{"rendered":"https:\/\/lucacastelli.com\/prodotto\/fs-240-r\/"},"modified":"2026-04-02T18:48:56","modified_gmt":"2026-04-02T16:48:56","slug":"fs-240-r","status":"publish","type":"product","link":"https:\/\/lucacastelli.com\/fr\/produit\/fs-240-r\/","title":{"rendered":"STIHL FS 240 R"},"content":{"rendered":"<p>Id\u00e9al pour l\u2019agriculture et le jardinage. Syst\u00e8me antivibratoire STIHL \u00e0 1 point, STIHL ErgoStart, poign\u00e9e multifonction, poign\u00e9e \u00e0 guidon, r\u00e9glage de la poign\u00e9e sans outil, moteur 2-MIX, tube droit, arbre de transmission rigide, harnais double.<br \/>\n886661593965 <\/p>\n<p>Cylindr\u00e9e 37,7<br \/>\nPuissance Puissance<\/p>\n<p>Puissance Puissance<br \/>\nPuissance 2,30<br \/>\nCO2 856<\/p>\n","protected":false},"excerpt":{"rendered":"<p>FS 240 R<\/p>\n","protected":false},"featured_media":430417,"template":"","meta":{"_seopress_robots_primary_cat":"none","_seopress_titles_title":"","_seopress_titles_desc":"","_seopress_robots_index":""},"product_brand":[3366],"product_cat":[29,270,280],"product_tag":[3265],"class_list":{"0":"post-464436","1":"product","2":"type-product","3":"status-publish","4":"has-post-thumbnail","6":"product_brand-stihl","7":"product_cat-macchinari","8":"product_cat-decespugliatori-e-tagliabordi","9":"product_cat-decespugliatori-e-tagliabordi-a-motore","10":"product_tag-import-stihl","11":"sws-gruppo-macchinari-fr","12":"sws-conto-ricavi-merci-rivendita-macchinari-fr","13":"sws-gruppo-iva-iva81-fr","15":"first","16":"onbackorder","17":"purchasable","18":"product-type-simple"},"_links":{"self":[{"href":"https:\/\/lucacastelli.com\/fr\/wp-json\/wp\/v2\/product\/464436","targetHints":{"allow":["GET"]}}],"collection":[{"href":"https:\/\/lucacastelli.com\/fr\/wp-json\/wp\/v2\/product"}],"about":[{"href":"https:\/\/lucacastelli.com\/fr\/wp-json\/wp\/v2\/types\/product"}],"wp:featuredmedia":[{"embeddable":true,"href":"https:\/\/lucacastelli.com\/fr\/wp-json\/wp\/v2\/media\/430417"}],"wp:attachment":[{"href":"https:\/\/lucacastelli.com\/fr\/wp-json\/wp\/v2\/media?parent=464436"}],"wp:term":[{"taxonomy":"product_brand","embeddable":true,"href":"https:\/\/lucacastelli.com\/fr\/wp-json\/wp\/v2\/product_brand?post=464436"},{"taxonomy":"product_cat","embeddable":true,"href":"https:\/\/lucacastelli.com\/fr\/wp-json\/wp\/v2\/product_cat?post=464436"},{"taxonomy":"product_tag","embeddable":true,"href":"https:\/\/lucacastelli.com\/fr\/wp-json\/wp\/v2\/product_tag?post=464436"}],"curies":[{"name":"wp","href":"https:\/\/api.w.org\/{rel}","templated":true}]}}