{"id":464428,"date":"2025-06-01T00:36:24","date_gmt":"2025-05-31T22:36:24","guid":{"rendered":"https:\/\/lucacastelli.com\/prodotto\/fr-410-c-e\/"},"modified":"2026-04-15T11:43:18","modified_gmt":"2026-04-15T09:43:18","slug":"fr-410-c-e","status":"publish","type":"product","link":"https:\/\/lucacastelli.com\/fr\/produit\/fr-410-c-e\/","title":{"rendered":"STIHL FR 410 C-E"},"content":{"rendered":"<p>D\u00e9broussailleuse \u00e0 dos avec moteur 2-MIX. Conforme aux normes d\u2019\u00e9missions EU II. Optimale pour l\u2019utilisation sur les pentes et les terrains escarp\u00e9s. Sacoche \u00e0 outils int\u00e9gr\u00e9e. Id\u00e9ale aussi pour les travaux de nettoyage exigeants.<br \/>\n886661592746    <\/p>\n<p>Cylindr\u00e9e 41.6<br \/>\nPuissance Puissance<\/p>\n<p>Puissance Puissance<br \/>\nPuissance 2.70<br \/>\nCO2 856<\/p>\n","protected":false},"excerpt":{"rendered":"<p>FR 410 C-E<\/p>\n","protected":false},"featured_media":430377,"template":"","meta":{"_seopress_robots_primary_cat":"none","_seopress_titles_title":"","_seopress_titles_desc":"","_seopress_robots_index":""},"product_brand":[3554],"product_cat":[169,1581,1610],"product_tag":[3266],"class_list":{"0":"post-464428","1":"product","2":"type-product","3":"status-publish","4":"has-post-thumbnail","6":"product_brand-stihl-de","7":"product_cat-maschinen","8":"product_cat-freischneider-und-trimmer","9":"product_cat-motorsensen-und-trimmer","10":"product_tag-import-stihl-de","11":"sws-gruppo-macchinari-fr","12":"sws-conto-ricavi-merci-rivendita-macchinari-fr","13":"sws-gruppo-iva-iva81-fr","15":"first","16":"onbackorder","17":"sale","18":"purchasable","19":"product-type-simple"},"_links":{"self":[{"href":"https:\/\/lucacastelli.com\/fr\/wp-json\/wp\/v2\/product\/464428","targetHints":{"allow":["GET"]}}],"collection":[{"href":"https:\/\/lucacastelli.com\/fr\/wp-json\/wp\/v2\/product"}],"about":[{"href":"https:\/\/lucacastelli.com\/fr\/wp-json\/wp\/v2\/types\/product"}],"wp:featuredmedia":[{"embeddable":true,"href":"https:\/\/lucacastelli.com\/fr\/wp-json\/wp\/v2\/media\/430377"}],"wp:attachment":[{"href":"https:\/\/lucacastelli.com\/fr\/wp-json\/wp\/v2\/media?parent=464428"}],"wp:term":[{"taxonomy":"product_brand","embeddable":true,"href":"https:\/\/lucacastelli.com\/fr\/wp-json\/wp\/v2\/product_brand?post=464428"},{"taxonomy":"product_cat","embeddable":true,"href":"https:\/\/lucacastelli.com\/fr\/wp-json\/wp\/v2\/product_cat?post=464428"},{"taxonomy":"product_tag","embeddable":true,"href":"https:\/\/lucacastelli.com\/fr\/wp-json\/wp\/v2\/product_tag?post=464428"}],"curies":[{"name":"wp","href":"https:\/\/api.w.org\/{rel}","templated":true}]}}