{"id":464418,"date":"2025-06-01T00:34:45","date_gmt":"2025-05-31T22:34:45","guid":{"rendered":"https:\/\/lucacastelli.com\/prodotto\/bandouliere-forestiere-advance-taille-standard\/"},"modified":"2025-06-28T20:12:44","modified_gmt":"2025-06-28T18:12:44","slug":"bandouliere-forestiere-advance-taille-standard","status":"publish","type":"product","link":"https:\/\/lucacastelli.com\/fr\/produit\/bandouliere-forestiere-advance-taille-standard\/","title":{"rendered":"STIHL Bandouli\u00e8re foresti\u00e8re ADVANCE, taille standard"},"content":{"rendered":"<p>Il permet une grande libert\u00e9 de mouvement au moyen d\u2019une surface de jambe suspendue. Particuli\u00e8rement ergonomique et pratique pour les travaux forestiers avec des scies circulaires. Tr\u00e8s l\u00e9ger. \u00c9galement disponible avec un sac \u00e0 dos pour les outils. Pour FS 100 &#8211; FS 560.<br \/>\n795711424541    <\/p>\n","protected":false},"excerpt":{"rendered":"<p>Bandouli\u00e8re foresti\u00e8re ADVANCE, taille standard<\/p>\n","protected":false},"featured_media":430329,"template":"","meta":{"_seopress_robots_primary_cat":"","_seopress_titles_title":"","_seopress_titles_desc":"","_seopress_robots_index":""},"product_brand":[3366],"product_cat":[186,29,270],"product_tag":[3265],"class_list":{"0":"post-464418","1":"product","2":"type-product","3":"status-publish","4":"has-post-thumbnail","6":"product_brand-stihl","7":"product_cat-accessori-per-labbigliamento","8":"product_cat-macchinari","9":"product_cat-decespugliatori-e-tagliabordi","10":"product_tag-import-stihl","11":"sws-gruppo-macchinari-fr","12":"sws-conto-ricavi-merci-rivendita-macchinari-fr","13":"sws-gruppo-iva-iva81-fr","15":"first","16":"onbackorder","17":"purchasable","18":"product-type-simple"},"_links":{"self":[{"href":"https:\/\/lucacastelli.com\/fr\/wp-json\/wp\/v2\/product\/464418","targetHints":{"allow":["GET"]}}],"collection":[{"href":"https:\/\/lucacastelli.com\/fr\/wp-json\/wp\/v2\/product"}],"about":[{"href":"https:\/\/lucacastelli.com\/fr\/wp-json\/wp\/v2\/types\/product"}],"wp:featuredmedia":[{"embeddable":true,"href":"https:\/\/lucacastelli.com\/fr\/wp-json\/wp\/v2\/media\/430329"}],"wp:attachment":[{"href":"https:\/\/lucacastelli.com\/fr\/wp-json\/wp\/v2\/media?parent=464418"}],"wp:term":[{"taxonomy":"product_brand","embeddable":true,"href":"https:\/\/lucacastelli.com\/fr\/wp-json\/wp\/v2\/product_brand?post=464418"},{"taxonomy":"product_cat","embeddable":true,"href":"https:\/\/lucacastelli.com\/fr\/wp-json\/wp\/v2\/product_cat?post=464418"},{"taxonomy":"product_tag","embeddable":true,"href":"https:\/\/lucacastelli.com\/fr\/wp-json\/wp\/v2\/product_tag?post=464418"}],"curies":[{"name":"wp","href":"https:\/\/api.w.org\/{rel}","templated":true}]}}