{"id":464414,"date":"2025-05-31T21:54:42","date_gmt":"2025-05-31T19:54:42","guid":{"rendered":"https:\/\/lucacastelli.com\/prodotto\/fs-260-r\/"},"modified":"2025-06-29T13:42:57","modified_gmt":"2025-06-29T11:42:57","slug":"fs-260-r","status":"publish","type":"product","link":"https:\/\/lucacastelli.com\/fr\/produit\/fs-260-r\/","title":{"rendered":"STIHL FS 260 R"},"content":{"rendered":"<p>Pour les travaux de tonte et de coupe de surface exigeants. Syst\u00e8me anti-vibration STIHL 1 point, poign\u00e9e multifonction, poign\u00e9e circulaire, moteur 2-MIX.<br \/>\n886661991907 <\/p>\n<p>Cylindr\u00e9e 41.6<br \/>\nPuissance Puissance<\/p>\n<p>Puissance Puissance Puissance<br \/>\n2,70<br \/>\nCO2 856<\/p>\n","protected":false},"excerpt":{"rendered":"<p>Pour les travaux de tonte et de coupe de surface exigeants. Syst\u00e8me anti-vibration STIHL 1 point, poign\u00e9e multifonction, poign\u00e9e circulaire,<\/p>\n","protected":false},"featured_media":424437,"template":"","meta":{"_seopress_robots_primary_cat":"","_seopress_titles_title":"","_seopress_titles_desc":"","_seopress_robots_index":""},"product_brand":[3555],"product_cat":[167,1586,1602],"product_tag":[3267],"class_list":{"0":"post-464414","1":"product","2":"type-product","3":"status-publish","4":"has-post-thumbnail","6":"product_brand-stihl-fr","7":"product_cat-machines","8":"product_cat-debroussailleuses-et-coupe-bordures","9":"product_cat-debroussailleuses-et-coupe-bordures-a-moteur","10":"product_tag-import-stihl-fr","11":"sws-gruppo-macchinari-fr","12":"sws-conto-ricavi-merci-rivendita-macchinari-fr","13":"sws-gruppo-iva-iva81-fr","15":"first","16":"onbackorder","17":"purchasable","18":"product-type-simple"},"_links":{"self":[{"href":"https:\/\/lucacastelli.com\/fr\/wp-json\/wp\/v2\/product\/464414","targetHints":{"allow":["GET"]}}],"collection":[{"href":"https:\/\/lucacastelli.com\/fr\/wp-json\/wp\/v2\/product"}],"about":[{"href":"https:\/\/lucacastelli.com\/fr\/wp-json\/wp\/v2\/types\/product"}],"wp:featuredmedia":[{"embeddable":true,"href":"https:\/\/lucacastelli.com\/fr\/wp-json\/wp\/v2\/media\/424437"}],"wp:attachment":[{"href":"https:\/\/lucacastelli.com\/fr\/wp-json\/wp\/v2\/media?parent=464414"}],"wp:term":[{"taxonomy":"product_brand","embeddable":true,"href":"https:\/\/lucacastelli.com\/fr\/wp-json\/wp\/v2\/product_brand?post=464414"},{"taxonomy":"product_cat","embeddable":true,"href":"https:\/\/lucacastelli.com\/fr\/wp-json\/wp\/v2\/product_cat?post=464414"},{"taxonomy":"product_tag","embeddable":true,"href":"https:\/\/lucacastelli.com\/fr\/wp-json\/wp\/v2\/product_tag?post=464414"}],"curies":[{"name":"wp","href":"https:\/\/api.w.org\/{rel}","templated":true}]}}