{"id":464408,"date":"2025-05-31T21:55:28","date_gmt":"2025-05-31T19:55:28","guid":{"rendered":"https:\/\/lucacastelli.com\/prodotto\/fsa-200-r-sans-batterie-ni-chargeur\/"},"modified":"2026-04-30T20:33:35","modified_gmt":"2026-04-30T18:33:35","slug":"fsa-200-r-sans-batterie-ni-chargeur","status":"publish","type":"product","link":"https:\/\/lucacastelli.com\/fr\/produit\/fsa-200-r-sans-batterie-ni-chargeur\/","title":{"rendered":"STIHL FSA 200 R, sans batterie ni chargeur"},"content":{"rendered":"<p>Avec la d\u00e9broussailleuse sans fil STIHL FSA 200 R, vous disposez du support id\u00e9al pour l\u2019entretien du jardin et de l\u2019am\u00e9nagement paysager ou les travaux dans les fermes communales. La poign\u00e9e circulaire permet une grande flexibilit\u00e9 lors de la tonte sur des pentes ou des terrains accident\u00e9s. La conception compacte assure \u00e9galement une grande libert\u00e9 de mouvement entre les arbres et les buissons et dans d\u2019autres endroits restreints. Les faibles \u00e9missions sonores de STIHL FSA 200 R permettent \u00e9galement de travailler dans des zones sensibles au bruit.\/p<br \/>\n886661797677<\/p>\n<p>Tension nominale 36<br \/>\nConsommation \u00e9lectrique Consommation \u00e9lectrique<\/p>\n<p>Puissance Puissance Syst\u00e8me de batterie AP<br \/>\nBatterie recommand\u00e9e<br \/>\nAP 500 S<\/p>\n","protected":false},"excerpt":{"rendered":"<p>Avec la d\u00e9broussailleuse sans fil STIHL FSA 200 R, vous disposez du support id\u00e9al pour l\u2019entretien du jardin et de<\/p>\n","protected":false},"featured_media":424501,"template":"","meta":{"_seopress_robots_primary_cat":"","_seopress_titles_title":"","_seopress_titles_desc":"","_seopress_robots_index":""},"product_brand":[3366],"product_cat":[29,270,281],"product_tag":[3265],"class_list":{"0":"post-464408","1":"product","2":"type-product","3":"status-publish","4":"has-post-thumbnail","6":"product_brand-stihl","7":"product_cat-macchinari","8":"product_cat-decespugliatori-e-tagliabordi","9":"product_cat-decespugliatori-e-tagliabordi-a-batteria","10":"product_tag-import-stihl","11":"sws-gruppo-macchinari-fr","12":"sws-conto-ricavi-merci-rivendita-macchinari-fr","13":"sws-gruppo-iva-iva81-fr","15":"first","16":"onbackorder","17":"purchasable","18":"product-type-simple"},"_links":{"self":[{"href":"https:\/\/lucacastelli.com\/fr\/wp-json\/wp\/v2\/product\/464408","targetHints":{"allow":["GET"]}}],"collection":[{"href":"https:\/\/lucacastelli.com\/fr\/wp-json\/wp\/v2\/product"}],"about":[{"href":"https:\/\/lucacastelli.com\/fr\/wp-json\/wp\/v2\/types\/product"}],"wp:featuredmedia":[{"embeddable":true,"href":"https:\/\/lucacastelli.com\/fr\/wp-json\/wp\/v2\/media\/424501"}],"wp:attachment":[{"href":"https:\/\/lucacastelli.com\/fr\/wp-json\/wp\/v2\/media?parent=464408"}],"wp:term":[{"taxonomy":"product_brand","embeddable":true,"href":"https:\/\/lucacastelli.com\/fr\/wp-json\/wp\/v2\/product_brand?post=464408"},{"taxonomy":"product_cat","embeddable":true,"href":"https:\/\/lucacastelli.com\/fr\/wp-json\/wp\/v2\/product_cat?post=464408"},{"taxonomy":"product_tag","embeddable":true,"href":"https:\/\/lucacastelli.com\/fr\/wp-json\/wp\/v2\/product_tag?post=464408"}],"curies":[{"name":"wp","href":"https:\/\/api.w.org\/{rel}","templated":true}]}}