{"id":464402,"date":"2025-05-31T21:56:29","date_gmt":"2025-05-31T19:56:29","guid":{"rendered":"https:\/\/lucacastelli.com\/prodotto\/fsa-30-avec-as-2-et-al-1\/"},"modified":"2025-06-29T13:36:39","modified_gmt":"2025-06-29T11:36:39","slug":"fsa-30-avec-as-2-et-al-1","status":"publish","type":"product","link":"https:\/\/lucacastelli.com\/fr\/produit\/fsa-30-avec-as-2-et-al-1\/","title":{"rendered":"STIHL FSA 30, avec AS 2 et AL 1"},"content":{"rendered":"<p>Coupe-bordures \u00e0 batterie du syst\u00e8me AS pour des travaux de finition et de nettoyage simples dans la maison. Conception compacte, batterie lithium-ion AS 2 rempla\u00e7able (28 Wh) avec indicateur de niveau de charge, perche t\u00e9lescopique et poign\u00e9e de t\u00eate r\u00e9glable sans l\u2019utilisation d\u2019outils. Scie d\u2019espacement pliable, angle de travail de l\u2019unit\u00e9 de coupe r\u00e9glable, t\u00eate de coupe suppl\u00e9mentaire qui peut \u00eatre pivot\u00e9e jusqu\u2019\u00e0 90\u00b0 pour des coupes \u00e0 angle vertical. Remplacement facile entre le PolyCut 3-2 et la t\u00eate de coupe filaire en option, jusqu\u2019\u00e0 6 lames de rechange peuvent \u00eatre transport\u00e9es directement sur l\u2019outil.\/p<br \/>\n795711708481<\/p>\n<p>Tension nominale 11<br \/>\nConsommation \u00e9lectrique Consommation \u00e9lectrique<\/p>\n<p>Alimentation Syst\u00e8me de<br \/>\nbatterie AS<br \/>\nBatterie recommand\u00e9e AS 2<\/p>\n","protected":false},"excerpt":{"rendered":"<p>Coupe-bordures \u00e0 batterie du syst\u00e8me AS pour des travaux de finition et de nettoyage simples dans la maison. Conception compacte,<\/p>\n","protected":false},"featured_media":424595,"template":"","meta":{"_seopress_robots_primary_cat":"","_seopress_titles_title":"","_seopress_titles_desc":"","_seopress_robots_index":""},"product_brand":[3555],"product_cat":[1586,1601,167],"product_tag":[3267],"class_list":{"0":"post-464402","1":"product","2":"type-product","3":"status-publish","4":"has-post-thumbnail","6":"product_brand-stihl-fr","7":"product_cat-debroussailleuses-et-coupe-bordures","8":"product_cat-debroussailleuses-et-coupe-herbes-a-batterie","9":"product_cat-machines","10":"product_tag-import-stihl-fr","11":"sws-gruppo-macchinari","12":"sws-conto-ricavi-merci-rivendita-macchinari","13":"sws-gruppo-iva-iva81","15":"first","16":"onbackorder","17":"purchasable","18":"product-type-simple"},"_links":{"self":[{"href":"https:\/\/lucacastelli.com\/fr\/wp-json\/wp\/v2\/product\/464402","targetHints":{"allow":["GET"]}}],"collection":[{"href":"https:\/\/lucacastelli.com\/fr\/wp-json\/wp\/v2\/product"}],"about":[{"href":"https:\/\/lucacastelli.com\/fr\/wp-json\/wp\/v2\/types\/product"}],"wp:featuredmedia":[{"embeddable":true,"href":"https:\/\/lucacastelli.com\/fr\/wp-json\/wp\/v2\/media\/424595"}],"wp:attachment":[{"href":"https:\/\/lucacastelli.com\/fr\/wp-json\/wp\/v2\/media?parent=464402"}],"wp:term":[{"taxonomy":"product_brand","embeddable":true,"href":"https:\/\/lucacastelli.com\/fr\/wp-json\/wp\/v2\/product_brand?post=464402"},{"taxonomy":"product_cat","embeddable":true,"href":"https:\/\/lucacastelli.com\/fr\/wp-json\/wp\/v2\/product_cat?post=464402"},{"taxonomy":"product_tag","embeddable":true,"href":"https:\/\/lucacastelli.com\/fr\/wp-json\/wp\/v2\/product_tag?post=464402"}],"curies":[{"name":"wp","href":"https:\/\/api.w.org\/{rel}","templated":true}]}}