{"id":464388,"date":"2025-05-31T22:03:01","date_gmt":"2025-05-31T20:03:01","guid":{"rendered":"https:\/\/lucacastelli.com\/prodotto\/fsa-135-sans-batterie-ni-chargeur\/"},"modified":"2025-06-29T13:42:08","modified_gmt":"2025-06-29T11:42:08","slug":"fsa-135-sans-batterie-ni-chargeur","status":"publish","type":"product","link":"https:\/\/lucacastelli.com\/fr\/produit\/fsa-135-sans-batterie-ni-chargeur\/","title":{"rendered":"STIHL FSA 135, sans batterie ni chargeur"},"content":{"rendered":"<p>D\u00e9broussailleuse sans fil robuste et puissante avec compartiment \u00e0 piles AP dans l\u2019appareil. Pour tondre l\u2019herbe et les broussailles dans les zones sensibles au bruit. Diam\u00e8tre de la circonf\u00e9rence de coupe 260 mm avec lame de coupe d\u2019herbe. Levier de commande ergonomique avec s\u00e9lection de vitesse \u00e0 trois niveaux et affichage LED, r\u00e9glage de la vitesse en continu, double bandouli\u00e8re, filtre \u00e0 air pour une longue dur\u00e9e de vie. Extr\u00eamement polyvalent gr\u00e2ce \u00e0 la large gamme d\u2019outils de coupe STIHL. Compatible avec STIHL Smart Connector 2 A dans le bo\u00eetier de l\u2019appareil.\/p<br \/>\n886661490264<\/p>\n<p>Tension nominale 36<br \/>\nConsommation \u00e9lectrique Consommation \u00e9lectrique<\/p>\n<p>Syst\u00e8me<br \/>\nd\u2019alimentation Batterie AP<br \/>\nBatterie recommand\u00e9e AP 300 S, AR 2000<\/p>\n","protected":false},"excerpt":{"rendered":"<p>D\u00e9broussailleuse sans fil robuste et puissante avec compartiment \u00e0 piles AP dans l\u2019appareil. Pour tondre l\u2019herbe et les broussailles dans<\/p>\n","protected":false},"featured_media":436643,"template":"","meta":{"_seopress_robots_primary_cat":"","_seopress_titles_title":"","_seopress_titles_desc":"","_seopress_robots_index":""},"product_brand":[3366],"product_cat":[29,270,281],"product_tag":[3265],"class_list":{"0":"post-464388","1":"product","2":"type-product","3":"status-publish","4":"has-post-thumbnail","6":"product_brand-stihl","7":"product_cat-macchinari","8":"product_cat-decespugliatori-e-tagliabordi","9":"product_cat-decespugliatori-e-tagliabordi-a-batteria","10":"product_tag-import-stihl","11":"sws-gruppo-macchinari-fr","12":"sws-conto-ricavi-merci-rivendita-macchinari-fr","13":"sws-gruppo-iva-iva81-fr","15":"first","16":"onbackorder","17":"purchasable","18":"product-type-simple"},"_links":{"self":[{"href":"https:\/\/lucacastelli.com\/fr\/wp-json\/wp\/v2\/product\/464388","targetHints":{"allow":["GET"]}}],"collection":[{"href":"https:\/\/lucacastelli.com\/fr\/wp-json\/wp\/v2\/product"}],"about":[{"href":"https:\/\/lucacastelli.com\/fr\/wp-json\/wp\/v2\/types\/product"}],"wp:featuredmedia":[{"embeddable":true,"href":"https:\/\/lucacastelli.com\/fr\/wp-json\/wp\/v2\/media\/436643"}],"wp:attachment":[{"href":"https:\/\/lucacastelli.com\/fr\/wp-json\/wp\/v2\/media?parent=464388"}],"wp:term":[{"taxonomy":"product_brand","embeddable":true,"href":"https:\/\/lucacastelli.com\/fr\/wp-json\/wp\/v2\/product_brand?post=464388"},{"taxonomy":"product_cat","embeddable":true,"href":"https:\/\/lucacastelli.com\/fr\/wp-json\/wp\/v2\/product_cat?post=464388"},{"taxonomy":"product_tag","embeddable":true,"href":"https:\/\/lucacastelli.com\/fr\/wp-json\/wp\/v2\/product_tag?post=464388"}],"curies":[{"name":"wp","href":"https:\/\/api.w.org\/{rel}","templated":true}]}}