{"id":464385,"date":"2025-05-31T22:02:58","date_gmt":"2025-05-31T20:02:58","guid":{"rendered":"https:\/\/lucacastelli.com\/prodotto\/fsa-400-k-sans-batterie-ni-chargeur\/"},"modified":"2025-06-29T13:42:05","modified_gmt":"2025-06-29T11:42:05","slug":"fsa-400-k-sans-batterie-ni-chargeur","status":"publish","type":"product","link":"https:\/\/lucacastelli.com\/fr\/produit\/fsa-400-k-sans-batterie-ni-chargeur\/","title":{"rendered":"STIHL FSA 400 K, sans batterie ni chargeur"},"content":{"rendered":"<p>D\u00e9broussailleuse sans fil robuste, silencieuse et tr\u00e8s puissante pour les professionnels du jardinage et de l\u2019am\u00e9nagement paysager, les entreprises communales et la sylviculture. Large gamme de t\u00eates de coupe et d\u2019outils de coupe des m\u00e9taux. Diam\u00e8tre de la circonf\u00e9rence de coupe avec t\u00eate de coupe : 520 mm. Poign\u00e9e de guidon ergonomique qui peut \u00eatre r\u00e9gl\u00e9e sans outils, poign\u00e9e multifonction \u00e0 une main avec contr\u00f4le de la vitesse et affichage LED. Syst\u00e8me anti-vibration STIHL. Pr\u00e9paration pour STIHL Smart Connector 2 A.\/p<br \/>\n886661438501<\/p>\n<p>Tension nominale 36<br \/>\nConsommation \u00e9lectrique Consommation \u00e9lectrique<\/p>\n<p>Syst\u00e8me d\u2019alimentation Syst\u00e8me d\u2019alimentation<br \/>\nSyst\u00e8me<br \/>\nde batterie Syst\u00e8me de batterie recommand\u00e9e AP 500 S<\/p>\n","protected":false},"excerpt":{"rendered":"<p>D\u00e9broussailleuse sans fil robuste, silencieuse et tr\u00e8s puissante pour les professionnels du jardinage et de l\u2019am\u00e9nagement paysager, les entreprises communales<\/p>\n","protected":false},"featured_media":436617,"template":"","meta":{"_seopress_robots_primary_cat":"","_seopress_titles_title":"","_seopress_titles_desc":"","_seopress_robots_index":""},"product_brand":[3366],"product_cat":[29,270,281],"product_tag":[3265],"class_list":{"0":"post-464385","1":"product","2":"type-product","3":"status-publish","4":"has-post-thumbnail","6":"product_brand-stihl","7":"product_cat-macchinari","8":"product_cat-decespugliatori-e-tagliabordi","9":"product_cat-decespugliatori-e-tagliabordi-a-batteria","10":"product_tag-import-stihl","11":"sws-gruppo-macchinari-fr","12":"sws-conto-ricavi-merci-rivendita-macchinari-fr","13":"sws-gruppo-iva-iva81-fr","15":"first","16":"onbackorder","17":"purchasable","18":"product-type-simple"},"_links":{"self":[{"href":"https:\/\/lucacastelli.com\/fr\/wp-json\/wp\/v2\/product\/464385","targetHints":{"allow":["GET"]}}],"collection":[{"href":"https:\/\/lucacastelli.com\/fr\/wp-json\/wp\/v2\/product"}],"about":[{"href":"https:\/\/lucacastelli.com\/fr\/wp-json\/wp\/v2\/types\/product"}],"wp:featuredmedia":[{"embeddable":true,"href":"https:\/\/lucacastelli.com\/fr\/wp-json\/wp\/v2\/media\/436617"}],"wp:attachment":[{"href":"https:\/\/lucacastelli.com\/fr\/wp-json\/wp\/v2\/media?parent=464385"}],"wp:term":[{"taxonomy":"product_brand","embeddable":true,"href":"https:\/\/lucacastelli.com\/fr\/wp-json\/wp\/v2\/product_brand?post=464385"},{"taxonomy":"product_cat","embeddable":true,"href":"https:\/\/lucacastelli.com\/fr\/wp-json\/wp\/v2\/product_cat?post=464385"},{"taxonomy":"product_tag","embeddable":true,"href":"https:\/\/lucacastelli.com\/fr\/wp-json\/wp\/v2\/product_tag?post=464385"}],"curies":[{"name":"wp","href":"https:\/\/api.w.org\/{rel}","templated":true}]}}