{"id":464381,"date":"2025-05-31T22:03:19","date_gmt":"2025-05-31T20:03:19","guid":{"rendered":"https:\/\/lucacastelli.com\/prodotto\/fs-261\/"},"modified":"2026-02-20T17:19:50","modified_gmt":"2026-02-20T16:19:50","slug":"fs-261","status":"publish","type":"product","link":"https:\/\/lucacastelli.com\/fr\/produit\/fs-261\/","title":{"rendered":"STIHL FS 261"},"content":{"rendered":"<p>Pour les travaux de tonte et de coupe de surface exigeants. Syst\u00e8me anti-vibration STIHL 1 point, poign\u00e9e multifonction \u00e0 une main, poign\u00e9e circulaire avec limiteur de pas, moteur STIHL 2-MIX, bandouli\u00e8re universelle ADVANCE 886661284887.<\/p>\n<p>Cylindr\u00e9e 41.6<br \/>\nPuissance Puissance<\/p>\n<p>Puissance Puissance Puissance<br \/>\n2,70<br \/>\nCO2 856<\/p>\n","protected":false},"excerpt":{"rendered":"<p>Pour les travaux de tonte et de coupe de surface exigeants. Syst\u00e8me anti-vibration STIHL 1 point, poign\u00e9e multifonction \u00e0 une<\/p>\n","protected":false},"featured_media":436683,"template":"","meta":{"_seopress_robots_primary_cat":"","_seopress_titles_title":"","_seopress_titles_desc":"","_seopress_robots_index":""},"product_brand":[3366],"product_cat":[29,270,280],"product_tag":[3265],"class_list":{"0":"post-464381","1":"product","2":"type-product","3":"status-publish","4":"has-post-thumbnail","6":"product_brand-stihl","7":"product_cat-macchinari","8":"product_cat-decespugliatori-e-tagliabordi","9":"product_cat-decespugliatori-e-tagliabordi-a-motore","10":"product_tag-import-stihl","11":"sws-gruppo-macchinari-fr","12":"sws-conto-ricavi-merci-rivendita-macchinari-fr","13":"sws-gruppo-iva-iva81-fr","15":"first","16":"onbackorder","17":"purchasable","18":"product-type-simple"},"_links":{"self":[{"href":"https:\/\/lucacastelli.com\/fr\/wp-json\/wp\/v2\/product\/464381","targetHints":{"allow":["GET"]}}],"collection":[{"href":"https:\/\/lucacastelli.com\/fr\/wp-json\/wp\/v2\/product"}],"about":[{"href":"https:\/\/lucacastelli.com\/fr\/wp-json\/wp\/v2\/types\/product"}],"wp:featuredmedia":[{"embeddable":true,"href":"https:\/\/lucacastelli.com\/fr\/wp-json\/wp\/v2\/media\/436683"}],"wp:attachment":[{"href":"https:\/\/lucacastelli.com\/fr\/wp-json\/wp\/v2\/media?parent=464381"}],"wp:term":[{"taxonomy":"product_brand","embeddable":true,"href":"https:\/\/lucacastelli.com\/fr\/wp-json\/wp\/v2\/product_brand?post=464381"},{"taxonomy":"product_cat","embeddable":true,"href":"https:\/\/lucacastelli.com\/fr\/wp-json\/wp\/v2\/product_cat?post=464381"},{"taxonomy":"product_tag","embeddable":true,"href":"https:\/\/lucacastelli.com\/fr\/wp-json\/wp\/v2\/product_tag?post=464381"}],"curies":[{"name":"wp","href":"https:\/\/api.w.org\/{rel}","templated":true}]}}