{"id":464378,"date":"2025-05-31T22:03:08","date_gmt":"2025-05-31T20:03:08","guid":{"rendered":"https:\/\/lucacastelli.com\/prodotto\/fs-411-c-em\/"},"modified":"2025-06-29T13:43:37","modified_gmt":"2025-06-29T11:43:37","slug":"fs-411-c-em","status":"publish","type":"product","link":"https:\/\/lucacastelli.com\/fr\/produit\/fs-411-c-em\/","title":{"rendered":"STIHL FS 411 C-EM"},"content":{"rendered":"<p>Pour tondre un gazon difficile. Diam\u00e8tre de la circonf\u00e9rence de coupe 300 mm avec couteau de brousse, extension du diam\u00e8tre de la circonf\u00e9rence de coupe jusqu\u2019\u00e0 max. 520 mm avec outil de tonte, syst\u00e8me anti-vibration STIHL, STIHL ErgoStart. Poign\u00e9e ergonomique \u00e0 deux mains (guidon) avec nouvelle poign\u00e9e multifonction \u00e0 une main ADVANCE Grip particuli\u00e8rement ergonomique, zone de pr\u00e9hension confortable et insert pour le pouce pour un travail flexible et sans fatigue, y compris un r\u00e9glage sans outil de la poign\u00e9e. STIHL 2-MIX, STIHL M-Tronic. Avec bandouli\u00e8re universelle ADVANCE PLUS.\/p<br \/>\n886661287352<\/p>\n<p>Cylindr\u00e9e 41.6<br \/>\nPuissance Puissance<\/p>\n<p>Puissance Puissance Puissance<br \/>\n2,70<br \/>\nCO2 808<\/p>\n","protected":false},"excerpt":{"rendered":"<p>Pour tondre un gazon difficile. Diam\u00e8tre de la circonf\u00e9rence de coupe 300 mm avec couteau de brousse, extension du diam\u00e8tre<\/p>\n","protected":false},"featured_media":436678,"template":"","meta":{"_seopress_robots_primary_cat":"","_seopress_titles_title":"","_seopress_titles_desc":"","_seopress_robots_index":""},"product_brand":[3366],"product_cat":[29,270,280],"product_tag":[3265],"class_list":{"0":"post-464378","1":"product","2":"type-product","3":"status-publish","4":"has-post-thumbnail","6":"product_brand-stihl","7":"product_cat-macchinari","8":"product_cat-decespugliatori-e-tagliabordi","9":"product_cat-decespugliatori-e-tagliabordi-a-motore","10":"product_tag-import-stihl","11":"sws-gruppo-macchinari-fr","12":"sws-conto-ricavi-merci-rivendita-macchinari-fr","13":"sws-gruppo-iva-iva81-fr","15":"first","16":"onbackorder","17":"purchasable","18":"product-type-simple"},"_links":{"self":[{"href":"https:\/\/lucacastelli.com\/fr\/wp-json\/wp\/v2\/product\/464378","targetHints":{"allow":["GET"]}}],"collection":[{"href":"https:\/\/lucacastelli.com\/fr\/wp-json\/wp\/v2\/product"}],"about":[{"href":"https:\/\/lucacastelli.com\/fr\/wp-json\/wp\/v2\/types\/product"}],"wp:featuredmedia":[{"embeddable":true,"href":"https:\/\/lucacastelli.com\/fr\/wp-json\/wp\/v2\/media\/436678"}],"wp:attachment":[{"href":"https:\/\/lucacastelli.com\/fr\/wp-json\/wp\/v2\/media?parent=464378"}],"wp:term":[{"taxonomy":"product_brand","embeddable":true,"href":"https:\/\/lucacastelli.com\/fr\/wp-json\/wp\/v2\/product_brand?post=464378"},{"taxonomy":"product_cat","embeddable":true,"href":"https:\/\/lucacastelli.com\/fr\/wp-json\/wp\/v2\/product_cat?post=464378"},{"taxonomy":"product_tag","embeddable":true,"href":"https:\/\/lucacastelli.com\/fr\/wp-json\/wp\/v2\/product_tag?post=464378"}],"curies":[{"name":"wp","href":"https:\/\/api.w.org\/{rel}","templated":true}]}}