{"id":464377,"date":"2025-05-31T22:03:26","date_gmt":"2025-05-31T20:03:26","guid":{"rendered":"https:\/\/lucacastelli.com\/prodotto\/fs-461-c-em\/"},"modified":"2026-03-30T20:00:55","modified_gmt":"2026-03-30T18:00:55","slug":"fs-461-c-em","status":"publish","type":"product","link":"https:\/\/lucacastelli.com\/fr\/produit\/fs-461-c-em\/","title":{"rendered":"STIHL FS 461 C-EM"},"content":{"rendered":"<p>Pour les travaux de tonte complexes sur des surfaces avec de l\u2019herbe dure. Syst\u00e8me anti-vibration STIHL \u00e0 4 points, STIHL ErgoStart, poign\u00e9e multifonction, poign\u00e9e de guidon, r\u00e9glage de la poign\u00e9e sans outils, moteur StIHL 2-MIX, STIHL M-Tronic, bandouli\u00e8re universelle ADVANCE PLUS.\/p<br \/>\n886661288328<\/p>\n<p>Cylindr\u00e9e 45.6<br \/>\nPuissance Puissance Puissance<\/p>\n<p>Puissance Puissance 3.00<br \/>\nCO2 865<\/p>\n","protected":false},"excerpt":{"rendered":"<p>Pour les travaux de tonte complexes sur des surfaces avec de l\u2019herbe dure. Syst\u00e8me anti-vibration STIHL \u00e0 4 points, STIHL<\/p>\n","protected":false},"featured_media":436688,"template":"","meta":{"_seopress_robots_primary_cat":"","_seopress_titles_title":"","_seopress_titles_desc":"","_seopress_robots_index":""},"product_brand":[3555],"product_cat":[167,1586,1602],"product_tag":[3267],"class_list":{"0":"post-464377","1":"product","2":"type-product","3":"status-publish","4":"has-post-thumbnail","6":"product_brand-stihl-fr","7":"product_cat-machines","8":"product_cat-debroussailleuses-et-coupe-bordures","9":"product_cat-debroussailleuses-et-coupe-bordures-a-moteur","10":"product_tag-import-stihl-fr","11":"sws-gruppo-macchinari-fr","12":"sws-conto-ricavi-merci-rivendita-macchinari-fr","13":"sws-gruppo-iva-iva81-fr","15":"first","16":"onbackorder","17":"purchasable","18":"product-type-simple"},"_links":{"self":[{"href":"https:\/\/lucacastelli.com\/fr\/wp-json\/wp\/v2\/product\/464377","targetHints":{"allow":["GET"]}}],"collection":[{"href":"https:\/\/lucacastelli.com\/fr\/wp-json\/wp\/v2\/product"}],"about":[{"href":"https:\/\/lucacastelli.com\/fr\/wp-json\/wp\/v2\/types\/product"}],"wp:featuredmedia":[{"embeddable":true,"href":"https:\/\/lucacastelli.com\/fr\/wp-json\/wp\/v2\/media\/436688"}],"wp:attachment":[{"href":"https:\/\/lucacastelli.com\/fr\/wp-json\/wp\/v2\/media?parent=464377"}],"wp:term":[{"taxonomy":"product_brand","embeddable":true,"href":"https:\/\/lucacastelli.com\/fr\/wp-json\/wp\/v2\/product_brand?post=464377"},{"taxonomy":"product_cat","embeddable":true,"href":"https:\/\/lucacastelli.com\/fr\/wp-json\/wp\/v2\/product_cat?post=464377"},{"taxonomy":"product_tag","embeddable":true,"href":"https:\/\/lucacastelli.com\/fr\/wp-json\/wp\/v2\/product_tag?post=464377"}],"curies":[{"name":"wp","href":"https:\/\/api.w.org\/{rel}","templated":true}]}}