{"id":464372,"date":"2025-05-31T22:14:02","date_gmt":"2025-05-31T20:14:02","guid":{"rendered":"https:\/\/lucacastelli.com\/prodotto\/fs-561-c-em\/"},"modified":"2026-04-13T10:09:18","modified_gmt":"2026-04-13T08:09:18","slug":"fs-561-c-em","status":"publish","type":"product","link":"https:\/\/lucacastelli.com\/fr\/produit\/fs-561-c-em\/","title":{"rendered":"STIHL FS 561 C-EM"},"content":{"rendered":"<p>pLa d\u00e9broussailleuse STIHL la plus puissante. Diam\u00e8tre du cercle de coupe 350 mm avec la d\u00e9broussailleuse, extension du diam\u00e8tre du cercle de coupe jusqu&#8217;\u00e0 560 mm max. avec l&#8217;outil de tonte, syst\u00e8me anti-vibrations 4 points STIHL, ErgoStart STIHL. Poign\u00e9e ergonomique \u00e0 deux mains (guidon) avec nouvelle poign\u00e9e multifonction ADVANCE Grip \u00e0 une main, zone de pr\u00e9hension particuli\u00e8rement ergonomique et confortable et insert pour le pouce pour un travail flexible et peu fatigant, y compris r\u00e9glage de la poign\u00e9e sans outil. Moteur STIHL 2-MIX, STIHL M-Tronic, m\u00e9canisme de d\u00e9marrage facile, bouton d&#8217;arr\u00eat. Avec sangle de transport universelle ADVANCE PLUS.\/p<br \/>\n886661293322<\/p>\n<p>Cylindr\u00e9e 57.1<br \/>\nPuissance Puissance<\/p>\n<p>Puissance Puissance Puissance<br \/>\n3,80<br \/>\nCO2 828<\/p>\n","protected":false},"excerpt":{"rendered":"<p>pLa d\u00e9broussailleuse STIHL la plus puissante. Diam\u00e8tre du cercle de coupe 350 mm avec la d\u00e9broussailleuse, extension du diam\u00e8tre du<\/p>\n","protected":false},"featured_media":436939,"template":"","meta":{"_seopress_robots_primary_cat":"none","_seopress_titles_title":"","_seopress_titles_desc":"","_seopress_robots_index":""},"product_brand":[3366],"product_cat":[29,270,280],"product_tag":[3265],"class_list":{"0":"post-464372","1":"product","2":"type-product","3":"status-publish","4":"has-post-thumbnail","6":"product_brand-stihl","7":"product_cat-macchinari","8":"product_cat-decespugliatori-e-tagliabordi","9":"product_cat-decespugliatori-e-tagliabordi-a-motore","10":"product_tag-import-stihl","11":"sws-gruppo-macchinari-fr","12":"sws-conto-ricavi-merci-rivendita-macchinari-fr","13":"sws-gruppo-iva-iva81-fr","15":"first","16":"onbackorder","17":"purchasable","18":"product-type-simple"},"_links":{"self":[{"href":"https:\/\/lucacastelli.com\/fr\/wp-json\/wp\/v2\/product\/464372","targetHints":{"allow":["GET"]}}],"collection":[{"href":"https:\/\/lucacastelli.com\/fr\/wp-json\/wp\/v2\/product"}],"about":[{"href":"https:\/\/lucacastelli.com\/fr\/wp-json\/wp\/v2\/types\/product"}],"wp:featuredmedia":[{"embeddable":true,"href":"https:\/\/lucacastelli.com\/fr\/wp-json\/wp\/v2\/media\/436939"}],"wp:attachment":[{"href":"https:\/\/lucacastelli.com\/fr\/wp-json\/wp\/v2\/media?parent=464372"}],"wp:term":[{"taxonomy":"product_brand","embeddable":true,"href":"https:\/\/lucacastelli.com\/fr\/wp-json\/wp\/v2\/product_brand?post=464372"},{"taxonomy":"product_cat","embeddable":true,"href":"https:\/\/lucacastelli.com\/fr\/wp-json\/wp\/v2\/product_cat?post=464372"},{"taxonomy":"product_tag","embeddable":true,"href":"https:\/\/lucacastelli.com\/fr\/wp-json\/wp\/v2\/product_tag?post=464372"}],"curies":[{"name":"wp","href":"https:\/\/api.w.org\/{rel}","templated":true}]}}